{"id":10171,"date":"2019-05-08T23:45:44","date_gmt":"2019-05-08T21:45:44","guid":{"rendered":"https:\/\/www.eczoil.com\/home\/"},"modified":"2020-05-07T17:11:31","modified_gmt":"2020-05-07T15:11:31","slug":"home","status":"publish","type":"page","link":"https:\/\/www.eczoil.com\/de\/","title":{"rendered":"Home"},"content":{"rendered":"\n<h2 class=\"h3 mb-4 wp-block-heading\"><strong>Die Wissenschaft ist auch \u00fcberzeugt, bittere Melone wirkt!<\/strong><\/h2>\n\n\n\n<p><strong>Der Geschmack ist am Anfang etwas gew\u00f6hnungsbed\u00fcrftig. Unser bitteres Melonenp\u00fcree wurde durch unsere Verarbeitungsprozesse vom bittersten Geschmack befreit. Mit der Zeit wird das Getr\u00e4nk daher einen ziemlich &#8222;frischen&#8220; Geschmack haben.<\/strong><\/p>\n\n\n\n<p>Wenn der Geschmack weiterhin entt\u00e4uscht, k\u00f6nnen Sie ihn mit unges\u00fc\u00dftem Sirup mischen oder einen k\u00f6stlichen Smoothie zubereiten. Dann wird das bittere Melonenp\u00fcree trinkbar.<\/p>\n\n\n\n<h3 class=\"h4 wp-block-heading\">Was enth\u00e4lt es?<\/h3>\n\n\n\n<ul class=\"wp-block-list\"><li>Enth\u00e4lt Beta-Carotin;<\/li><li>Vitamin C, B1, B2<\/li><li>Mineralien: Kalzium, Magnesium, Kalium, Phosphor, Eisen, Mangan und Zink<\/li><\/ul>\n\n\n\n<p>Die Smoothies, die wir entwickelt haben, werden von einem (graduierten) Sportern\u00e4hrungsberater, Ern\u00e4hrungsberater und Dr. Medizinischer Biologe.<\/p>\n\n\n\n<ul class=\"wp-block-list\"><li>Bittere Melone Aktiver (Sport-) Smoothie (auch f\u00fcr Diabetes geeignet)<\/li><li>Bitter Melone Red Spring Smoothie (auch f\u00fcr Diabetes geeignet)<\/li><li>Bitter Melone Mango Boost Smoothie (leckeres frisches Getr\u00e4nk f\u00fcr jeden geeignet)<\/li><\/ul>\n","protected":false},"excerpt":{"rendered":"<p>Die Wissenschaft ist auch \u00fcberzeugt, bittere Melone wirkt! Der Geschmack ist am Anfang etwas gew\u00f6hnungsbed\u00fcrftig. Unser bitteres Melonenp\u00fcree wurde durch unsere Verarbeitungsprozesse vom bittersten Geschmack befreit. Mit der Zeit wird das Getr\u00e4nk daher einen ziemlich &#8222;frischen&#8220; Geschmack haben. Wenn der Geschmack weiterhin entt\u00e4uscht, k\u00f6nnen Sie ihn mit unges\u00fc\u00dftem Sirup mischen oder einen k\u00f6stlichen Smoothie zubereiten. [&hellip;]<\/p>\n","protected":false},"author":1,"featured_media":0,"parent":0,"menu_order":0,"comment_status":"closed","ping_status":"closed","template":"","meta":{"footnotes":""},"class_list":["post-10171","page","type-page","status-publish","hentry"],"yoast_head":"<!-- This site is optimized with the Yoast SEO plugin v27.4 - https:\/\/yoast.com\/product\/yoast-seo-wordpress\/ -->\n<title>Home - Eczoil BV<\/title>\n<meta name=\"robots\" content=\"index, follow, max-snippet:-1, max-image-preview:large, max-video-preview:-1\" \/>\n<link rel=\"canonical\" href=\"https:\/\/www.eczoil.com\/de\/\" \/>\n<meta property=\"og:locale\" content=\"de_DE\" \/>\n<meta property=\"og:type\" content=\"article\" \/>\n<meta property=\"og:title\" content=\"Home - Eczoil BV\" \/>\n<meta property=\"og:description\" content=\"Die Wissenschaft ist auch \u00fcberzeugt, bittere Melone wirkt! Der Geschmack ist am Anfang etwas gew\u00f6hnungsbed\u00fcrftig. Unser bitteres Melonenp\u00fcree wurde durch unsere Verarbeitungsprozesse vom bittersten Geschmack befreit. Mit der Zeit wird das Getr\u00e4nk daher einen ziemlich &#8222;frischen&#8220; Geschmack haben. Wenn der Geschmack weiterhin entt\u00e4uscht, k\u00f6nnen Sie ihn mit unges\u00fc\u00dftem Sirup mischen oder einen k\u00f6stlichen Smoothie zubereiten. [&hellip;]\" \/>\n<meta property=\"og:url\" content=\"https:\/\/www.eczoil.com\/de\/\" \/>\n<meta property=\"og:site_name\" content=\"Eczoil BV\" \/>\n<meta property=\"article:modified_time\" content=\"2020-05-07T15:11:31+00:00\" \/>\n<meta name=\"twitter:card\" content=\"summary_large_image\" \/>\n<meta name=\"twitter:label1\" content=\"Gesch\u00e4tzte Lesezeit\" \/>\n\t<meta name=\"twitter:data1\" content=\"1\u00a0Minute\" \/>\n<script type=\"application\/ld+json\" class=\"yoast-schema-graph\">{\"@context\":\"https:\\\/\\\/schema.org\",\"@graph\":[{\"@type\":\"WebPage\",\"@id\":\"https:\\\/\\\/www.eczoil.com\\\/de\\\/\",\"url\":\"https:\\\/\\\/www.eczoil.com\\\/de\\\/\",\"name\":\"Home - Eczoil BV\",\"isPartOf\":{\"@id\":\"https:\\\/\\\/www.eczoil.com\\\/de\\\/#website\"},\"datePublished\":\"2019-05-08T21:45:44+00:00\",\"dateModified\":\"2020-05-07T15:11:31+00:00\",\"breadcrumb\":{\"@id\":\"https:\\\/\\\/www.eczoil.com\\\/de\\\/#breadcrumb\"},\"inLanguage\":\"de\",\"potentialAction\":[{\"@type\":\"ReadAction\",\"target\":[\"https:\\\/\\\/www.eczoil.com\\\/de\\\/\"]}]},{\"@type\":\"BreadcrumbList\",\"@id\":\"https:\\\/\\\/www.eczoil.com\\\/de\\\/#breadcrumb\",\"itemListElement\":[{\"@type\":\"ListItem\",\"position\":1,\"name\":\"Home\",\"item\":\"https:\\\/\\\/www.eczoil.com\\\/de\\\/\"},{\"@type\":\"ListItem\",\"position\":2,\"name\":\"Home\"}]},{\"@type\":\"WebSite\",\"@id\":\"https:\\\/\\\/www.eczoil.com\\\/de\\\/#website\",\"url\":\"https:\\\/\\\/www.eczoil.com\\\/de\\\/\",\"name\":\"Eczoil BV\",\"description\":\"Natuurlijk, dat willen we allemaal wel!\",\"potentialAction\":[{\"@type\":\"SearchAction\",\"target\":{\"@type\":\"EntryPoint\",\"urlTemplate\":\"https:\\\/\\\/www.eczoil.com\\\/de\\\/?s={search_term_string}\"},\"query-input\":{\"@type\":\"PropertyValueSpecification\",\"valueRequired\":true,\"valueName\":\"search_term_string\"}}],\"inLanguage\":\"de\"}]}<\/script>\n<!-- \/ Yoast SEO plugin. -->","yoast_head_json":{"title":"Home - Eczoil BV","robots":{"index":"index","follow":"follow","max-snippet":"max-snippet:-1","max-image-preview":"max-image-preview:large","max-video-preview":"max-video-preview:-1"},"canonical":"https:\/\/www.eczoil.com\/de\/","og_locale":"de_DE","og_type":"article","og_title":"Home - Eczoil BV","og_description":"Die Wissenschaft ist auch \u00fcberzeugt, bittere Melone wirkt! Der Geschmack ist am Anfang etwas gew\u00f6hnungsbed\u00fcrftig. Unser bitteres Melonenp\u00fcree wurde durch unsere Verarbeitungsprozesse vom bittersten Geschmack befreit. Mit der Zeit wird das Getr\u00e4nk daher einen ziemlich &#8222;frischen&#8220; Geschmack haben. Wenn der Geschmack weiterhin entt\u00e4uscht, k\u00f6nnen Sie ihn mit unges\u00fc\u00dftem Sirup mischen oder einen k\u00f6stlichen Smoothie zubereiten. [&hellip;]","og_url":"https:\/\/www.eczoil.com\/de\/","og_site_name":"Eczoil BV","article_modified_time":"2020-05-07T15:11:31+00:00","twitter_card":"summary_large_image","twitter_misc":{"Gesch\u00e4tzte Lesezeit":"1\u00a0Minute"},"schema":{"@context":"https:\/\/schema.org","@graph":[{"@type":"WebPage","@id":"https:\/\/www.eczoil.com\/de\/","url":"https:\/\/www.eczoil.com\/de\/","name":"Home - Eczoil BV","isPartOf":{"@id":"https:\/\/www.eczoil.com\/de\/#website"},"datePublished":"2019-05-08T21:45:44+00:00","dateModified":"2020-05-07T15:11:31+00:00","breadcrumb":{"@id":"https:\/\/www.eczoil.com\/de\/#breadcrumb"},"inLanguage":"de","potentialAction":[{"@type":"ReadAction","target":["https:\/\/www.eczoil.com\/de\/"]}]},{"@type":"BreadcrumbList","@id":"https:\/\/www.eczoil.com\/de\/#breadcrumb","itemListElement":[{"@type":"ListItem","position":1,"name":"Home","item":"https:\/\/www.eczoil.com\/de\/"},{"@type":"ListItem","position":2,"name":"Home"}]},{"@type":"WebSite","@id":"https:\/\/www.eczoil.com\/de\/#website","url":"https:\/\/www.eczoil.com\/de\/","name":"Eczoil BV","description":"Natuurlijk, dat willen we allemaal wel!","potentialAction":[{"@type":"SearchAction","target":{"@type":"EntryPoint","urlTemplate":"https:\/\/www.eczoil.com\/de\/?s={search_term_string}"},"query-input":{"@type":"PropertyValueSpecification","valueRequired":true,"valueName":"search_term_string"}}],"inLanguage":"de"}]}},"_links":{"self":[{"href":"https:\/\/www.eczoil.com\/de\/wp-json\/wp\/v2\/pages\/10171","targetHints":{"allow":["GET"]}}],"collection":[{"href":"https:\/\/www.eczoil.com\/de\/wp-json\/wp\/v2\/pages"}],"about":[{"href":"https:\/\/www.eczoil.com\/de\/wp-json\/wp\/v2\/types\/page"}],"author":[{"embeddable":true,"href":"https:\/\/www.eczoil.com\/de\/wp-json\/wp\/v2\/users\/1"}],"replies":[{"embeddable":true,"href":"https:\/\/www.eczoil.com\/de\/wp-json\/wp\/v2\/comments?post=10171"}],"version-history":[{"count":2,"href":"https:\/\/www.eczoil.com\/de\/wp-json\/wp\/v2\/pages\/10171\/revisions"}],"predecessor-version":[{"id":10195,"href":"https:\/\/www.eczoil.com\/de\/wp-json\/wp\/v2\/pages\/10171\/revisions\/10195"}],"wp:attachment":[{"href":"https:\/\/www.eczoil.com\/de\/wp-json\/wp\/v2\/media?parent=10171"}],"curies":[{"name":"wp","href":"https:\/\/api.w.org\/{rel}","templated":true}]}}