{"id":10353,"date":"2020-05-21T00:30:31","date_gmt":"2020-05-20T22:30:31","guid":{"rendered":"https:\/\/www.eczoil.com\/eczoil-liquid-internationale-patent\/"},"modified":"2020-05-21T00:30:32","modified_gmt":"2020-05-20T22:30:32","slug":"eczoil-liquid-internationale-patent","status":"publish","type":"page","link":"https:\/\/www.eczoil.com\/de\/eczoil-liquid-internationale-patent\/","title":{"rendered":"Eczoil Liquid internationale Patent"},"content":{"rendered":"\n<p>Eczoil\u00ae aus Volendam hat das <a href=\"https:\/\/www.eczoil.com\/wp-content\/uploads\/octrooi-Eczoil&#xAE;.pdf\" target=\"_blank\" rel=\"noreferrer noopener\"> internationale\u00a0Patent<\/a> f\u00fcr die reine Zusammensetzung Ihres Produktes \u201eLiquid\u201c &#8211; unter dem Namen \u201emedicament for skin diseases\u201c &#8211; erhalten.<\/p>\n\n<p>Erteilung<\/p>\n\n<p>Das Patent basiert auf der einzigartigen Rezeptur, die tats\u00e4chlich 100 % rein ist (= ohne irgendwelches abgeleitete \u00d6l) und bei Ekzemen, Akne, Psoriasis, Rosazea und Juckreiz Linderung verschaffen kann. Damit ist dieses Patent ein ganz besonderer Mehrwert f\u00fcr das Unternehmen und genie\u00dft es Schutz in allen Bereichen.<\/p>\n\n<p><strong>Was ist Eczoil\u00ae Liquid?<\/strong><\/p>\n\n<p>Eczoil\u00ae Liquid ist ein Fischextrakt, der nach traditionellen Methoden und in einem 10-Phasen-Plan hergestellt wird. Rein, pur und keine E-Nummern. In Kombination mit dem Stachelrochen\u00f6l ist dieser Fischextrakt sehr wirksam bei schweren Symptomen von Ekzemen oder Psoriasis.<\/p>\n\n<p><strong>Zuk\u00fcnftige Erfolge und Verk\u00e4ufe<\/strong><\/p>\n\n<p>Direktorin Linda Karregat-de Boer ist sehr stolz auf dieses Patent, das sie als die Grundlage f\u00fcr weitere zuk\u00fcnftige Erfolge und m\u00f6gliche Verk\u00e4ufe an Dritte von Eczoil Liquid sieht.<\/p>\n\n<p><strong>Digitales Patent<\/strong><\/p>\n\n<p>Die digitale Version des Patents finden Sie <a href=\"https:\/\/mijnoctrooi.rvo.nl\/fo-eregister-view\/search\/details\/2017714_NP\/0\/0\/1\/10\/0\/0\/0\/null_null\/KG51bW1lcjooMjAxNzcxNCkpIEFORCBwYXRlbnRSZWNvcmRTZXE6MQ?locale=nl\" target=\"_blank\" rel=\"noreferrer noopener\">hier<\/a>.<\/p>\n","protected":false},"excerpt":{"rendered":"<p>Eczoil\u00ae aus Volendam hat das internationale\u00a0Patent f\u00fcr die reine Zusammensetzung Ihres Produktes \u201eLiquid\u201c &#8211; unter dem Namen \u201emedicament for skin diseases\u201c &#8211; erhalten. Erteilung Das Patent basiert auf der einzigartigen Rezeptur, die tats\u00e4chlich 100 % rein ist (= ohne irgendwelches abgeleitete \u00d6l) und bei Ekzemen, Akne, Psoriasis, Rosazea und Juckreiz Linderung verschaffen kann. Damit ist [&hellip;]<\/p>\n","protected":false},"author":1,"featured_media":0,"parent":0,"menu_order":0,"comment_status":"closed","ping_status":"closed","template":"","meta":{"footnotes":""},"class_list":["post-10353","page","type-page","status-publish","hentry"],"yoast_head":"<!-- This site is optimized with the Yoast SEO plugin v27.6 - https:\/\/yoast.com\/product\/yoast-seo-wordpress\/ -->\n<title>Eczoil Liquid internationale Patent - Eczoil BV<\/title>\n<meta name=\"robots\" content=\"index, follow, max-snippet:-1, max-image-preview:large, max-video-preview:-1\" \/>\n<link rel=\"canonical\" href=\"https:\/\/www.eczoil.com\/de\/eczoil-liquid-internationale-patent\/\" \/>\n<meta property=\"og:locale\" content=\"de_DE\" \/>\n<meta property=\"og:type\" content=\"article\" \/>\n<meta property=\"og:title\" content=\"Eczoil Liquid internationale Patent - Eczoil BV\" \/>\n<meta property=\"og:description\" content=\"Eczoil\u00ae aus Volendam hat das internationale\u00a0Patent f\u00fcr die reine Zusammensetzung Ihres Produktes \u201eLiquid\u201c &#8211; unter dem Namen \u201emedicament for skin diseases\u201c &#8211; erhalten. Erteilung Das Patent basiert auf der einzigartigen Rezeptur, die tats\u00e4chlich 100 % rein ist (= ohne irgendwelches abgeleitete \u00d6l) und bei Ekzemen, Akne, Psoriasis, Rosazea und Juckreiz Linderung verschaffen kann. Damit ist [&hellip;]\" \/>\n<meta property=\"og:url\" content=\"https:\/\/www.eczoil.com\/de\/eczoil-liquid-internationale-patent\/\" \/>\n<meta property=\"og:site_name\" content=\"Eczoil BV\" \/>\n<meta property=\"article:modified_time\" content=\"2020-05-20T22:30:32+00:00\" \/>\n<meta name=\"twitter:card\" content=\"summary_large_image\" \/>\n<meta name=\"twitter:label1\" content=\"Gesch\u00e4tzte Lesezeit\" \/>\n\t<meta name=\"twitter:data1\" content=\"1\u00a0Minute\" \/>\n<script type=\"application\/ld+json\" class=\"yoast-schema-graph\">{\"@context\":\"https:\\\/\\\/schema.org\",\"@graph\":[{\"@type\":\"WebPage\",\"@id\":\"https:\\\/\\\/www.eczoil.com\\\/de\\\/eczoil-liquid-internationale-patent\\\/\",\"url\":\"https:\\\/\\\/www.eczoil.com\\\/de\\\/eczoil-liquid-internationale-patent\\\/\",\"name\":\"Eczoil Liquid internationale Patent - Eczoil BV\",\"isPartOf\":{\"@id\":\"https:\\\/\\\/www.eczoil.com\\\/de\\\/#website\"},\"datePublished\":\"2020-05-20T22:30:31+00:00\",\"dateModified\":\"2020-05-20T22:30:32+00:00\",\"breadcrumb\":{\"@id\":\"https:\\\/\\\/www.eczoil.com\\\/de\\\/eczoil-liquid-internationale-patent\\\/#breadcrumb\"},\"inLanguage\":\"de\",\"potentialAction\":[{\"@type\":\"ReadAction\",\"target\":[\"https:\\\/\\\/www.eczoil.com\\\/de\\\/eczoil-liquid-internationale-patent\\\/\"]}]},{\"@type\":\"BreadcrumbList\",\"@id\":\"https:\\\/\\\/www.eczoil.com\\\/de\\\/eczoil-liquid-internationale-patent\\\/#breadcrumb\",\"itemListElement\":[{\"@type\":\"ListItem\",\"position\":1,\"name\":\"Home\",\"item\":\"https:\\\/\\\/www.eczoil.com\\\/de\\\/\"},{\"@type\":\"ListItem\",\"position\":2,\"name\":\"Eczoil Liquid internationale Patent\"}]},{\"@type\":\"WebSite\",\"@id\":\"https:\\\/\\\/www.eczoil.com\\\/de\\\/#website\",\"url\":\"https:\\\/\\\/www.eczoil.com\\\/de\\\/\",\"name\":\"Eczoil BV\",\"description\":\"Natuurlijk, dat willen we allemaal wel!\",\"potentialAction\":[{\"@type\":\"SearchAction\",\"target\":{\"@type\":\"EntryPoint\",\"urlTemplate\":\"https:\\\/\\\/www.eczoil.com\\\/de\\\/?s={search_term_string}\"},\"query-input\":{\"@type\":\"PropertyValueSpecification\",\"valueRequired\":true,\"valueName\":\"search_term_string\"}}],\"inLanguage\":\"de\"}]}<\/script>\n<!-- \/ Yoast SEO plugin. -->","yoast_head_json":{"title":"Eczoil Liquid internationale Patent - Eczoil BV","robots":{"index":"index","follow":"follow","max-snippet":"max-snippet:-1","max-image-preview":"max-image-preview:large","max-video-preview":"max-video-preview:-1"},"canonical":"https:\/\/www.eczoil.com\/de\/eczoil-liquid-internationale-patent\/","og_locale":"de_DE","og_type":"article","og_title":"Eczoil Liquid internationale Patent - Eczoil BV","og_description":"Eczoil\u00ae aus Volendam hat das internationale\u00a0Patent f\u00fcr die reine Zusammensetzung Ihres Produktes \u201eLiquid\u201c &#8211; unter dem Namen \u201emedicament for skin diseases\u201c &#8211; erhalten. Erteilung Das Patent basiert auf der einzigartigen Rezeptur, die tats\u00e4chlich 100 % rein ist (= ohne irgendwelches abgeleitete \u00d6l) und bei Ekzemen, Akne, Psoriasis, Rosazea und Juckreiz Linderung verschaffen kann. Damit ist [&hellip;]","og_url":"https:\/\/www.eczoil.com\/de\/eczoil-liquid-internationale-patent\/","og_site_name":"Eczoil BV","article_modified_time":"2020-05-20T22:30:32+00:00","twitter_card":"summary_large_image","twitter_misc":{"Gesch\u00e4tzte Lesezeit":"1\u00a0Minute"},"schema":{"@context":"https:\/\/schema.org","@graph":[{"@type":"WebPage","@id":"https:\/\/www.eczoil.com\/de\/eczoil-liquid-internationale-patent\/","url":"https:\/\/www.eczoil.com\/de\/eczoil-liquid-internationale-patent\/","name":"Eczoil Liquid internationale Patent - Eczoil BV","isPartOf":{"@id":"https:\/\/www.eczoil.com\/de\/#website"},"datePublished":"2020-05-20T22:30:31+00:00","dateModified":"2020-05-20T22:30:32+00:00","breadcrumb":{"@id":"https:\/\/www.eczoil.com\/de\/eczoil-liquid-internationale-patent\/#breadcrumb"},"inLanguage":"de","potentialAction":[{"@type":"ReadAction","target":["https:\/\/www.eczoil.com\/de\/eczoil-liquid-internationale-patent\/"]}]},{"@type":"BreadcrumbList","@id":"https:\/\/www.eczoil.com\/de\/eczoil-liquid-internationale-patent\/#breadcrumb","itemListElement":[{"@type":"ListItem","position":1,"name":"Home","item":"https:\/\/www.eczoil.com\/de\/"},{"@type":"ListItem","position":2,"name":"Eczoil Liquid internationale Patent"}]},{"@type":"WebSite","@id":"https:\/\/www.eczoil.com\/de\/#website","url":"https:\/\/www.eczoil.com\/de\/","name":"Eczoil BV","description":"Natuurlijk, dat willen we allemaal wel!","potentialAction":[{"@type":"SearchAction","target":{"@type":"EntryPoint","urlTemplate":"https:\/\/www.eczoil.com\/de\/?s={search_term_string}"},"query-input":{"@type":"PropertyValueSpecification","valueRequired":true,"valueName":"search_term_string"}}],"inLanguage":"de"}]}},"_links":{"self":[{"href":"https:\/\/www.eczoil.com\/de\/wp-json\/wp\/v2\/pages\/10353","targetHints":{"allow":["GET"]}}],"collection":[{"href":"https:\/\/www.eczoil.com\/de\/wp-json\/wp\/v2\/pages"}],"about":[{"href":"https:\/\/www.eczoil.com\/de\/wp-json\/wp\/v2\/types\/page"}],"author":[{"embeddable":true,"href":"https:\/\/www.eczoil.com\/de\/wp-json\/wp\/v2\/users\/1"}],"replies":[{"embeddable":true,"href":"https:\/\/www.eczoil.com\/de\/wp-json\/wp\/v2\/comments?post=10353"}],"version-history":[{"count":1,"href":"https:\/\/www.eczoil.com\/de\/wp-json\/wp\/v2\/pages\/10353\/revisions"}],"predecessor-version":[{"id":10354,"href":"https:\/\/www.eczoil.com\/de\/wp-json\/wp\/v2\/pages\/10353\/revisions\/10354"}],"wp:attachment":[{"href":"https:\/\/www.eczoil.com\/de\/wp-json\/wp\/v2\/media?parent=10353"}],"curies":[{"name":"wp","href":"https:\/\/api.w.org\/{rel}","templated":true}]}}