{"id":1195,"date":"2019-10-07T11:26:36","date_gmt":"2019-10-07T09:26:36","guid":{"rendered":"https:\/\/www.eczoil.com\/?page_id=1195"},"modified":"2019-10-07T11:30:14","modified_gmt":"2019-10-07T09:30:14","slug":"allgemeine-geschaeftsbedingungen","status":"publish","type":"page","link":"https:\/\/www.eczoil.com\/de\/allgemeine-geschaeftsbedingungen\/","title":{"rendered":"Allgemeine Gesch\u00e4ftsbedingungen"},"content":{"rendered":"\n<h2 class=\"wp-block-heading\"><strong>1. Begriffsbestimmungen<\/strong><\/h2>\n\n\n\n<p><strong>1.1<\/strong> In diesen Allgemeinen Gesch\u00e4ftsbedingungen haben die nachstehenden Begriffe die folgende Bedeutung:<\/p>\n\n\n\n<ul class=\"wp-block-list\"><li><strong>Eczoil<\/strong>: die Eczoil B.V., eingetragen bei der [niederl\u00e4ndischen] Industrie- und Handelskammer unter der Nummer 53975545 und auftretend als Verk\u00e4uferin;<\/li><li><strong>Kunde:<\/strong> der Abnehmer von Eczoil, in jeglichem Sinne, der mit Eczoil einen Vertrag schlie\u00dft;<\/li><li><strong>Vertrag:<\/strong> eine schriftliche und\/oder m\u00fcndliche Vereinbarung zwischen Eczoil und dem Kunden, sowie der Fernabsatzvertrag, einschlie\u00dflich der Online-Bestellung \u00fcber die Website von Eczoil;<\/li><li><strong>Allgemeine Gesch\u00e4ftsbedingungen<\/strong>: die vorliegenden Bedingungen;<\/li><li><strong>Website:<\/strong> <a href=\"http:\/\/www.eczoil.nl\/\">www.eczoil.nl<\/a><\/li><li><strong>Das Produkt<\/strong>: die Produkte und Dienstleistungen von Eczoil.<\/li><\/ul>\n\n\n\n<h2 class=\"wp-block-heading\"><strong>2. Geltungsbereich<\/strong><\/h2>\n\n\n\n<p><strong>2.1<\/strong> Diese Allgemeinen Gesch\u00e4ftsbedingungen finden Anwendung auf alle Angebote, Offerten, Vertr\u00e4ge, und Lieferungen von Eczoil.<\/p>\n\n\n\n<p><strong>2.2<\/strong> \u00c4nderungen dieser Allgemeinen Gesch\u00e4ftsbedingungen sind m\u00f6glich.<\/p>\n\n\n\n<p><strong>2.3<\/strong> Die Anwendbarkeit der allgemeinen Gesch\u00e4ftsbedingungen des Kunden wird ausdr\u00fccklich abgewiesen.<\/p>\n\n\n\n<p><strong>2.4 <\/strong>Wird das Produkt w\u00e4hrend eines anschlie\u00dfenden Zeitraums (einer Kur) abgenommen, gelten diese Allgemeinen Gesch\u00e4ftsbedingungen f\u00fcr alle nachfolgenden Abnahmen in dieser Kur.<\/p>\n\n\n\n<h2 class=\"wp-block-heading\"><strong>3. Das Produkt<\/strong><\/h2>\n\n\n\n<p><strong>3.1<\/strong> Das Produkt ist ausschlie\u00dflich ein Naturprodukt. Das Produkt ist kein eingetragenes Medizinprodukt, kein Medikament.<\/p>\n\n\n\n<p><strong>3.2<\/strong> Bei Einnahme ist der Beipackzettel zu befolgen.<\/p>\n\n\n\n<p><strong>3.3<\/strong> Wenden Sie sich f\u00fcr Fragen \u00fcber die Vereinbarkeit des Produkts mit Ihrer Gesundheit oder mit den Medikamenten, die Sie einnehmen, immer vorher an Ihren Arzt. Die Einnahme und Verwendung erfolgt auf eigene Gefahr.<\/p>\n\n\n\n<h2 class=\"wp-block-heading\"><strong>4. (Online) Abschluss eines Vertrags<\/strong><\/h2>\n\n\n\n<p><strong>4.1<\/strong> Kunden k\u00f6nnen Online \u00fcber die Website eine Bestellung aufgeben. Durch die Online Aufgabe einer Bestellung, gibt der Kunde ausdr\u00fccklich zu erkennen, das Angebot von Eczoil akzeptieren und einen Vertrag schlie\u00dfen zu wollen, sowie die vorliegenden Allgemeinen Gesch\u00e4ftsbedingungen bedingungslos zu akzeptieren.<\/p>\n\n\n\n<p><strong>4.2<\/strong> W\u00e4hrend der Bestellung wird es dem Kunden erm\u00f6glicht, diese Allgemeinen Gesch\u00e4ftsbedingungen zu lesen und zu speichern. Der Kunde muss ihrer Anwendbarkeit ausdr\u00fccklich zustimmen.<\/p>\n\n\n\n<p><strong>4.3<\/strong> Der Vertrag kommt zustande, nachdem der Kunde alle beim Bestellverfahren von Eczoil gestellten Bedingungen erf\u00fcllt hat. Eczoil best\u00e4tigt sofort auf elektronischem Wege den Empfang der Bestellung mittels einer Empfangsbest\u00e4tigung, die Order- Kunden- und Versandinformationen enth\u00e4lt.<\/p>\n\n\n\n<p><strong>4.4<\/strong> Erfolgt eine Bestellung auf anderem Wege als online, erh\u00e4lt der Kunde (beim Abholen) vor Ort sowohl die Allgemeinen Gesch\u00e4ftsbedingungen als auch die Gebrauchsanleitung. Bei telefonischen oder sonstigen Bestellungen erh\u00e4lt der Kunde zun\u00e4chst eine Rechnung mit Allgemeinen Gesch\u00e4ftsbedingungen. Mit der Zahlung stimmt der Kunde der Anwendbarkeit dieser Bedingungen zu und kommt der Vertrag somit mit einer Lieferverpflichtung zustande.<\/p>\n\n\n\n<h2 class=\"wp-block-heading\"><strong>5. Preise und Versandkosten<\/strong><\/h2>\n\n\n\n<p><strong>5.1<\/strong> Die Preise verstehen sich zuz\u00fcglich <em>btw<\/em> [niederl\u00e4ndischer Mehrwehrsteuer]. Die Preise verstehen sich ohne Versandkosten.<\/p>\n\n\n\n<p><strong>5.2<\/strong> Die Versandkosten sind allerdings im letztendlichen Gesamtpreis enthalten. Der Gesamtpreis wird w\u00e4hrend des Bestellverfahrens, in dem die Versandkosten spezifiziert werden, wiedergegeben. W\u00e4hrend des Online-Versandverfahrens erteilt Eczoil diese Informationen vor der definitiven Bestellung und auf der elektronischen Empfangsbest\u00e4tigung. Bei anderen Vertr\u00e4gen erteilt Eczoil die Informationen auf der Rechnung.<\/p>\n\n\n\n<p><strong>5.3<\/strong> Stellt sich heraus, dass die durch den Kunden erteilten Informationen falsch sind, ist Eczoil berechtigt, die Preise daran anzupassen.<\/p>\n\n\n\n<p><strong>5.4<\/strong> Die Preise gelten vorbehaltlich Typfehler und je Bestellung.<\/p>\n\n\n\n<h2 class=\"wp-block-heading\"><strong>6. Lieferzeit \/ Erf\u00fcllung des Vertrags<\/strong><\/h2>\n\n\n\n<p><strong>6.1<\/strong> Sp\u00e4testens 7 Tage nach \u00dcbermittlung der elektronischen Empfangsbest\u00e4tigung bzw. 7 Tage nach Empfang der Zahlung in anderen F\u00e4llen.<\/p>\n\n\n\n<p><strong>6.2<\/strong> Bis zu dem Zeitpunkt der Lieferung haftet Eczoil f\u00fcr die gelieferten Produkte.<\/p>\n\n\n\n<p><strong>6.3<\/strong> Nach der Lieferung kann das Produkt nicht mehr zur\u00fcckgesandt werden. Der Grund daf\u00fcr ist die kurze Haltbarkeit des unge\u00f6ffneten Produkts au\u00dferhalb des K\u00fchlschranks. Da Eczoil nicht wei\u00df, wie der Kunde inzwischen mit dem Produkt umgeht, \u00fcbernimmt sie daf\u00fcr nach der Lieferung keine Haftung. Dasselbe gilt, wenn das Produkt wegen der Produktzusammensetzung nicht mit einem versiegelten Kunststoffdeckel versehen ist. In dem Fall kann nicht garantiert werden, dass das Produkt nach Lieferung unge\u00f6ffnet geblieben ist.<\/p>\n\n\n\n<p><strong>6.4<\/strong> Trifft eine Bestellung nach Versand nicht bei der angegebenen Lieferadresse ein, wird sie kostenlos nachgesandt.<\/p>\n\n\n\n<h2 class=\"wp-block-heading\"><strong>7. Haftung und Schadensersatz<\/strong><\/h2>\n\n\n\n<p><strong>7.1<\/strong> Die Gesamthaftung von Eczoil gegen\u00fcber dem Kunden wegen zumutbarer Nichterf\u00fcllung des Vertrags beschr\u00e4nkt sich auf die Verg\u00fctung der unmittelbaren Sch\u00e4den, und zwar bis zu einem Betrag in H\u00f6he des f\u00fcr den Vertrag verlangten Preises (ohne Mehrwertsteuer). Die Gesamtverg\u00fctung f\u00fcr unmittelbare Sch\u00e4den wird einen Betrag in H\u00f6he von 500 \u20ac jedoch nicht \u00fcberschreiten.<\/p>\n\n\n\n<p><strong>7.2<\/strong> Die Haftung von Eczoil gegen\u00fcber dem Kunden f\u00fcr indirekte Sch\u00e4den, einschlie\u00dflich Folgesch\u00e4den, Gewinneinbu\u00dfen, entgangener Einsparungen, Datenverluste und Sch\u00e4den durch Betriebsunterbrechungen sind ausgeschlossen. Abgesehen von den vorgenannten F\u00e4llen haftet Eczoil gegen\u00fcber dem Kunden in keiner Weise f\u00fcr Schadenersatz, unabh\u00e4ngig davon, durch welchen Grund eine Schadenersatzklage begr\u00fcndet wird. Die genannten H\u00f6chstbetr\u00e4ge verfallen jedoch, falls und sofern der Schaden auf Vorsatz oder grober Fahrl\u00e4ssigkeit von Eczoil zur\u00fcckzuf\u00fchren ist.<\/p>\n\n\n\n<p><strong>7.4<\/strong> Sollte das Gericht in einem in 7.3 angegebenen Fall oder bei Sch\u00e4den durch Tod oder Personensch\u00e4den eine Bestimmung f\u00fcr unzumutbar belastend halten, betr\u00e4gt die Verg\u00fctung insgesamt niemals mehr als die Deckung der Berufshaftpflichtversicherung im vorliegenden Fall.<\/p>\n\n\n\n<p><strong>7.5<\/strong> Die Haftung von Eczoil gegen\u00fcber dem Kunden entsteht nur, wenn der Kunde Eczoil schriftlich, mit einer detaillierten Beschreibung der M\u00e4ngel, in Verzug setzt, so dass Eczoil im Stande ist, ad\u00e4quat zu reagieren.<\/p>\n\n\n\n<p><strong>7.6<\/strong> Voraussetzung f\u00fcr irgendeinen Anspruch auf Schadensersatz ist, dass der Kunde den Schaden innerhalb von 30 Tagen nach dessen Eintritt schriftlich bei Eczoil meldet. Jede Schadensersatzforderung erlischt nach Ablauf von 24 Monaten nach dem Entstehen dieser Forderung<\/p>\n\n\n\n<p><strong>7.7<\/strong> Im Falle h\u00f6herer Gewalt ist Eczoil nicht verpflichtet, den dadurch beim Kunden entstandenen Schaden zu ersetzen.<\/p>\n\n\n\n<h2 class=\"wp-block-heading\"><strong>8. Datenschutzgesetze<\/strong><\/h2>\n\n\n\n<p><strong>8.1<\/strong> Eczoil erhebt und verarbeitet personenbezogene Daten f\u00fcr die Verwaltungst\u00e4tigkeiten von Kunden, die Vertragserf\u00fcllung, die Einziehung von Zahlungen, die Website, das pers\u00f6nliche Marketing, und f\u00fcr die Erf\u00fcllung der gesetzlichen Verpflichtungen. Eczoil hat daf\u00fcr eine Datenschutzerkl\u00e4rung erstellt. Diese Datenschutzerkl\u00e4rung finden Sie auf der Website von Eczoil und sie ist ein unverbr\u00fcchlicher Bestandteil der vorliegenden Allgemeinen Gesch\u00e4ftsbedingungen.<br><\/p>\n","protected":false},"excerpt":{"rendered":"<p>1. Begriffsbestimmungen 1.1 In diesen Allgemeinen Gesch\u00e4ftsbedingungen haben die nachstehenden Begriffe die folgende Bedeutung: Eczoil: die Eczoil B.V., eingetragen bei der [niederl\u00e4ndischen] Industrie- und Handelskammer unter der Nummer 53975545 und auftretend als Verk\u00e4uferin; Kunde: der Abnehmer von Eczoil, in jeglichem Sinne, der mit Eczoil einen Vertrag schlie\u00dft; Vertrag: eine schriftliche und\/oder m\u00fcndliche Vereinbarung zwischen Eczoil [&hellip;]<\/p>\n","protected":false},"author":1,"featured_media":0,"parent":0,"menu_order":0,"comment_status":"closed","ping_status":"closed","template":"","meta":{"footnotes":""},"class_list":["post-1195","page","type-page","status-publish","hentry"],"yoast_head":"<!-- This site is optimized with the Yoast SEO plugin v27.6 - https:\/\/yoast.com\/product\/yoast-seo-wordpress\/ -->\n<title>Allgemeine Gesch\u00e4ftsbedingungen - Eczoil BV<\/title>\n<meta name=\"robots\" content=\"index, follow, max-snippet:-1, max-image-preview:large, max-video-preview:-1\" \/>\n<link rel=\"canonical\" href=\"https:\/\/www.eczoil.com\/de\/allgemeine-geschaeftsbedingungen\/\" \/>\n<meta property=\"og:locale\" content=\"de_DE\" \/>\n<meta property=\"og:type\" content=\"article\" \/>\n<meta property=\"og:title\" content=\"Allgemeine Gesch\u00e4ftsbedingungen - Eczoil BV\" \/>\n<meta property=\"og:description\" content=\"1. Begriffsbestimmungen 1.1 In diesen Allgemeinen Gesch\u00e4ftsbedingungen haben die nachstehenden Begriffe die folgende Bedeutung: Eczoil: die Eczoil B.V., eingetragen bei der [niederl\u00e4ndischen] Industrie- und Handelskammer unter der Nummer 53975545 und auftretend als Verk\u00e4uferin; Kunde: der Abnehmer von Eczoil, in jeglichem Sinne, der mit Eczoil einen Vertrag schlie\u00dft; Vertrag: eine schriftliche und\/oder m\u00fcndliche Vereinbarung zwischen Eczoil [&hellip;]\" \/>\n<meta property=\"og:url\" content=\"https:\/\/www.eczoil.com\/de\/allgemeine-geschaeftsbedingungen\/\" \/>\n<meta property=\"og:site_name\" content=\"Eczoil BV\" \/>\n<meta property=\"article:modified_time\" content=\"2019-10-07T09:30:14+00:00\" \/>\n<meta name=\"twitter:card\" content=\"summary_large_image\" \/>\n<meta name=\"twitter:label1\" content=\"Gesch\u00e4tzte Lesezeit\" \/>\n\t<meta name=\"twitter:data1\" content=\"5\u00a0Minuten\" \/>\n<script type=\"application\/ld+json\" class=\"yoast-schema-graph\">{\"@context\":\"https:\\\/\\\/schema.org\",\"@graph\":[{\"@type\":\"WebPage\",\"@id\":\"https:\\\/\\\/www.eczoil.com\\\/de\\\/allgemeine-geschaeftsbedingungen\\\/\",\"url\":\"https:\\\/\\\/www.eczoil.com\\\/de\\\/allgemeine-geschaeftsbedingungen\\\/\",\"name\":\"Allgemeine Gesch\u00e4ftsbedingungen - Eczoil BV\",\"isPartOf\":{\"@id\":\"https:\\\/\\\/www.eczoil.com\\\/de\\\/#website\"},\"datePublished\":\"2019-10-07T09:26:36+00:00\",\"dateModified\":\"2019-10-07T09:30:14+00:00\",\"breadcrumb\":{\"@id\":\"https:\\\/\\\/www.eczoil.com\\\/de\\\/allgemeine-geschaeftsbedingungen\\\/#breadcrumb\"},\"inLanguage\":\"de\",\"potentialAction\":[{\"@type\":\"ReadAction\",\"target\":[\"https:\\\/\\\/www.eczoil.com\\\/de\\\/allgemeine-geschaeftsbedingungen\\\/\"]}]},{\"@type\":\"BreadcrumbList\",\"@id\":\"https:\\\/\\\/www.eczoil.com\\\/de\\\/allgemeine-geschaeftsbedingungen\\\/#breadcrumb\",\"itemListElement\":[{\"@type\":\"ListItem\",\"position\":1,\"name\":\"Home\",\"item\":\"https:\\\/\\\/www.eczoil.com\\\/de\\\/\"},{\"@type\":\"ListItem\",\"position\":2,\"name\":\"Allgemeine Gesch\u00e4ftsbedingungen\"}]},{\"@type\":\"WebSite\",\"@id\":\"https:\\\/\\\/www.eczoil.com\\\/de\\\/#website\",\"url\":\"https:\\\/\\\/www.eczoil.com\\\/de\\\/\",\"name\":\"Eczoil BV\",\"description\":\"Natuurlijk, dat willen we allemaal wel!\",\"potentialAction\":[{\"@type\":\"SearchAction\",\"target\":{\"@type\":\"EntryPoint\",\"urlTemplate\":\"https:\\\/\\\/www.eczoil.com\\\/de\\\/?s={search_term_string}\"},\"query-input\":{\"@type\":\"PropertyValueSpecification\",\"valueRequired\":true,\"valueName\":\"search_term_string\"}}],\"inLanguage\":\"de\"}]}<\/script>\n<!-- \/ Yoast SEO plugin. -->","yoast_head_json":{"title":"Allgemeine Gesch\u00e4ftsbedingungen - Eczoil BV","robots":{"index":"index","follow":"follow","max-snippet":"max-snippet:-1","max-image-preview":"max-image-preview:large","max-video-preview":"max-video-preview:-1"},"canonical":"https:\/\/www.eczoil.com\/de\/allgemeine-geschaeftsbedingungen\/","og_locale":"de_DE","og_type":"article","og_title":"Allgemeine Gesch\u00e4ftsbedingungen - Eczoil BV","og_description":"1. Begriffsbestimmungen 1.1 In diesen Allgemeinen Gesch\u00e4ftsbedingungen haben die nachstehenden Begriffe die folgende Bedeutung: Eczoil: die Eczoil B.V., eingetragen bei der [niederl\u00e4ndischen] Industrie- und Handelskammer unter der Nummer 53975545 und auftretend als Verk\u00e4uferin; Kunde: der Abnehmer von Eczoil, in jeglichem Sinne, der mit Eczoil einen Vertrag schlie\u00dft; Vertrag: eine schriftliche und\/oder m\u00fcndliche Vereinbarung zwischen Eczoil [&hellip;]","og_url":"https:\/\/www.eczoil.com\/de\/allgemeine-geschaeftsbedingungen\/","og_site_name":"Eczoil BV","article_modified_time":"2019-10-07T09:30:14+00:00","twitter_card":"summary_large_image","twitter_misc":{"Gesch\u00e4tzte Lesezeit":"5\u00a0Minuten"},"schema":{"@context":"https:\/\/schema.org","@graph":[{"@type":"WebPage","@id":"https:\/\/www.eczoil.com\/de\/allgemeine-geschaeftsbedingungen\/","url":"https:\/\/www.eczoil.com\/de\/allgemeine-geschaeftsbedingungen\/","name":"Allgemeine Gesch\u00e4ftsbedingungen - Eczoil BV","isPartOf":{"@id":"https:\/\/www.eczoil.com\/de\/#website"},"datePublished":"2019-10-07T09:26:36+00:00","dateModified":"2019-10-07T09:30:14+00:00","breadcrumb":{"@id":"https:\/\/www.eczoil.com\/de\/allgemeine-geschaeftsbedingungen\/#breadcrumb"},"inLanguage":"de","potentialAction":[{"@type":"ReadAction","target":["https:\/\/www.eczoil.com\/de\/allgemeine-geschaeftsbedingungen\/"]}]},{"@type":"BreadcrumbList","@id":"https:\/\/www.eczoil.com\/de\/allgemeine-geschaeftsbedingungen\/#breadcrumb","itemListElement":[{"@type":"ListItem","position":1,"name":"Home","item":"https:\/\/www.eczoil.com\/de\/"},{"@type":"ListItem","position":2,"name":"Allgemeine Gesch\u00e4ftsbedingungen"}]},{"@type":"WebSite","@id":"https:\/\/www.eczoil.com\/de\/#website","url":"https:\/\/www.eczoil.com\/de\/","name":"Eczoil BV","description":"Natuurlijk, dat willen we allemaal wel!","potentialAction":[{"@type":"SearchAction","target":{"@type":"EntryPoint","urlTemplate":"https:\/\/www.eczoil.com\/de\/?s={search_term_string}"},"query-input":{"@type":"PropertyValueSpecification","valueRequired":true,"valueName":"search_term_string"}}],"inLanguage":"de"}]}},"_links":{"self":[{"href":"https:\/\/www.eczoil.com\/de\/wp-json\/wp\/v2\/pages\/1195","targetHints":{"allow":["GET"]}}],"collection":[{"href":"https:\/\/www.eczoil.com\/de\/wp-json\/wp\/v2\/pages"}],"about":[{"href":"https:\/\/www.eczoil.com\/de\/wp-json\/wp\/v2\/types\/page"}],"author":[{"embeddable":true,"href":"https:\/\/www.eczoil.com\/de\/wp-json\/wp\/v2\/users\/1"}],"replies":[{"embeddable":true,"href":"https:\/\/www.eczoil.com\/de\/wp-json\/wp\/v2\/comments?post=1195"}],"version-history":[{"count":2,"href":"https:\/\/www.eczoil.com\/de\/wp-json\/wp\/v2\/pages\/1195\/revisions"}],"predecessor-version":[{"id":1199,"href":"https:\/\/www.eczoil.com\/de\/wp-json\/wp\/v2\/pages\/1195\/revisions\/1199"}],"wp:attachment":[{"href":"https:\/\/www.eczoil.com\/de\/wp-json\/wp\/v2\/media?parent=1195"}],"curies":[{"name":"wp","href":"https:\/\/api.w.org\/{rel}","templated":true}]}}