{"id":10147,"date":"2019-05-09T12:05:29","date_gmt":"2019-05-09T10:05:29","guid":{"rendered":"https:\/\/www.eczoil.com\/product\/bittermelone-1-liter-flasche\/"},"modified":"2020-05-07T21:42:24","modified_gmt":"2020-05-07T19:42:24","slug":"bittermelone-1-liter-flasche","status":"publish","type":"product","link":"https:\/\/www.eczoil.com\/de\/producten\/bittermelone-1-liter-flasche\/","title":{"rendered":"Bittermelone 1 Liter Flasche"},"content":{"rendered":"<h3>Naturheilkundliche Anwendungen<\/h3>\n<p>Es ist uns untersagt, Ihnen hier mitzuteilen, was dieses Produkt f\u00fcr Ihre Gesundheit tun kann. Au\u00dferdem stellen wir Ihnen m\u00f6glicherweise keine notwendigen und aussagekr\u00e4ftigen Informationen zu diesem Produkt, Erl\u00e4uterungen zur Funktionsweise, wissenschaftliche Studien, Hintergr\u00fcnde und Referenzen zur Verf\u00fcgung. Verwenden Sie Ihr Telefon oder eine Internet-Suchmaschine, um mehr zu erfahren.<\/p>\n<h3>Bittere Melone &#8211; die Mega-Gesundheitsfrucht als fertiges P\u00fcree in einer Flasche<\/h3>\n<p>Der Name dieser Frucht ist merkw\u00fcrdig, weil bittere Melone keine Melone ist. Der offizielle Name ist Sopropo (oder lateinisch: Momordica charantia) und die Frucht \u00e4hnelt einer Gurke mit Warzen.<br \/>\nDer Geschmack ist zwar bitter, aber man kann viel dagegen tun. Besonders wenn die bittere Melone als P\u00fcree aus einer Flasche als Mischung mit Wasser und unges\u00fc\u00dftem Sirup getrunken wird.<\/p>\n<h3>Die einzigartigen Gesundheitsmerkmale des BITTERMELON &#8211; SOPROPO<\/h3>\n<p>Die Wirkungen der SOPROPO-Frucht oder der Bittermelone sind wirklich einzigartig.<\/p>\n<p>Der SOPROPO ist eine \u00e4u\u00dferst gesunde Frucht, die voller Vitamine und Mineralien ist: Vitamin B1, B2 und Vitamin C, Magnesium, Phosphor und Zink.<\/p>\n<p>Siehe die \u00dcbersichtstabelle unten:<\/p>\n<h3>Zusammensetzung:<\/h3>\n<table class=\"table\" width=\"500\" cellspacing=\"0\" cellpadding=\"0\">\n<tbody>\n<tr>\n<td colspan=\"3\" nowrap=\"nowrap\"><\/td>\n<\/tr>\n<tr>\n<td nowrap=\"nowrap\"><strong>Energie oder N\u00e4hrstoff<\/strong><\/td>\n<td nowrap=\"nowrap\"><strong>pro\u00a0100 g\/ml<\/strong><\/td>\n<td nowrap=\"nowrap\"><strong>Referenzaufnahme<\/strong><\/td>\n<\/tr>\n<tr>\n<td nowrap=\"nowrap\"> Energie <\/td>\n<td nowrap=\"nowrap\">184 kJ\/44 kcal<\/td>\n<td nowrap=\"nowrap\">8400 kJ\/2000 kcal<\/td>\n<\/tr>\n<tr>\n<td nowrap=\"nowrap\">Gesamtfette<\/td>\n<td nowrap=\"nowrap\">3 g<\/td>\n<td nowrap=\"nowrap\">70 g<\/td>\n<\/tr>\n<tr>\n<td nowrap=\"nowrap\">Kohlenhydrate<\/td>\n<td nowrap=\"nowrap\">13 g<\/td>\n<td nowrap=\"nowrap\">260 g<\/td>\n<\/tr>\n<tr>\n<td nowrap=\"nowrap\">Zucker<\/td>\n<td nowrap=\"nowrap\">2 g<\/td>\n<td nowrap=\"nowrap\">90 g<\/td>\n<\/tr>\n<tr>\n<td nowrap=\"nowrap\">Proteine<\/td>\n<td nowrap=\"nowrap\">1 g<\/td>\n<td nowrap=\"nowrap\">50 g<\/td>\n<\/tr>\n<tr>\n<td nowrap=\"nowrap\">Salz<\/td>\n<td nowrap=\"nowrap\">0,6 g<\/td>\n<td nowrap=\"nowrap\">6 g<\/td>\n<\/tr>\n<tr>\n<td nowrap=\"nowrap\"><strong>Vitamine und Mineralien<\/strong><\/td>\n<td nowrap=\"nowrap\"><strong>pro 100 g\/ml<\/strong><\/td>\n<td nowrap=\"nowrap\"><strong>Referenzaufnahme<\/strong><\/td>\n<\/tr>\n<tr>\n<td nowrap=\"nowrap\">Vitamin C<\/td>\n<td nowrap=\"nowrap\">\u00a0\u00a0 26,7 \u00a0mg<\/td>\n<td nowrap=\"nowrap\">80 mg<\/td>\n<\/tr>\n<tr>\n<td nowrap=\"nowrap\">Vitamin B1 (Thiamine)<\/td>\n<td nowrap=\"nowrap\">\u00a0\u00a0 0,03 mg<\/td>\n<td nowrap=\"nowrap\">1,1 mg<\/td>\n<\/tr>\n<tr>\n<td nowrap=\"nowrap\">Vitamin B2 (Riboflavine)<\/td>\n<td nowrap=\"nowrap\">\u00a0\u00a0 0,03 mg<\/td>\n<td nowrap=\"nowrap\">1,4 mg<\/td>\n<\/tr>\n<tr>\n<td nowrap=\"nowrap\">Phosphor<\/td>\n<td nowrap=\"nowrap\">\u00a0\u00a0 26 mg<\/td>\n<td nowrap=\"nowrap\">700 mg<\/td>\n<\/tr>\n<tr>\n<td nowrap=\"nowrap\">Magnesium<\/td>\n<td nowrap=\"nowrap\">\u00a0\u00a0 14 mg<\/td>\n<td nowrap=\"nowrap\">375 mg<\/td>\n<\/tr>\n<tr>\n<td nowrap=\"nowrap\">Zink<\/td>\n<td nowrap=\"nowrap\">\u00a0 0,15 mg<\/td>\n<td nowrap=\"nowrap\">10 mg<\/td>\n<\/tr>\n<\/tbody>\n<\/table>\n<p>&nbsp;<\/p>\n<h3>T\u00e4gliche Dosis Bittermelone<\/h3>\n<p>Aus der Flasche. Anfangsdosis 100 ml 1x t\u00e4glich. Mit Wasser oder unges\u00fc\u00dftem Sirup \/ Fruchtsaft aufl\u00f6sen. Morgens auf n\u00fcchternen Magen. Am besten eine halbe Stunde vor dem Fr\u00fchst\u00fcck. Wenn Sie Medikamente einnehmen, nehmen Sie die Bittermelone im Abstand von 1 Stunde separat ein.<\/p>\n<p>Als Erhaltung und als Gesundheitsdosis: 50 ml pro Tag.<\/p>\n<p>Der Geschmack ist am Anfang etwas gew\u00f6hnungsbed\u00fcrftig. Unser bitteres Melonenp\u00fcree wurde aufgrund unserer Verarbeitungsprozesse vom bittersten Geschmack befreit. Das Getr\u00e4nk wird daher zu gegebener Zeit ziemlich &#8222;frisch&#8220;. Wenn der Geschmack weiterhin entt\u00e4uscht, k\u00f6nnen Sie unges\u00fc\u00dften Sirup oder einen Smoothie herstellen. Dann wird das bittere Melonenp\u00fcree trinkbar.<\/p>\n<p><strong>Warnung:<\/strong><br \/>\nNicht w\u00e4hrend der Schwangerschaft und \/ oder Stillzeit einnehmen. Kann Durchfall oder Kr\u00e4mpfe verursachen (Dosis um die H\u00e4lfte reduzieren). Bei Kopfschmerzen: Halbieren Sie die Dosis oder nehmen Sie sie jeden zweiten Tag ein. Fragen Sie immer zuerst Ihren Arzt.<br \/>\nHerkunft: Vietnam<\/p>\n<p>Inhalt 1 Liter P\u00fcree aus mehr als 2 Kilo Bittermelone<\/p>\n<p>Im K\u00fchlschrank aufbewahren. Oder einfrieren.<\/p>\n<p>Ablaufdatum siehe Obergrenze (14 Tage)<\/p>\n<p>VOR DEM GEBRAUCH SCH\u00dcTTELN<\/p>\n","protected":false},"excerpt":{"rendered":"<p><strong>Bittere Melone<\/strong>, die Mega-Gesundheitsfrucht als fertiges P\u00fcree in einer Flasche.<\/p>\n<p>Der Name dieser Frucht ist merkw\u00fcrdig, weil <strong>Bittermelone<\/strong> keine Melone ist. Der offizielle Name ist <strong>sopropo<\/strong> (oder lateinisch: <em>Momordica charantia<\/em>) und die Frucht \u00e4hnelt einer Gurke mit Warzen.<\/p>\n<p>Der Geschmack ist zwar bitter, aber dagegen kann viel getan werden. Besonders wenn die <strong>Bittermelone als P\u00fcree<\/strong> aus einer Flasche als Mischung mit Wasser und unges\u00fc\u00dftem Sirup getrunken wird.<\/p>\n","protected":false},"featured_media":917,"comment_status":"closed","ping_status":"closed","template":"","meta":[],"product_brand":[],"product_cat":[40],"product_tag":[],"class_list":{"0":"post-10147","1":"product","2":"type-product","3":"status-publish","4":"has-post-thumbnail","6":"product_cat-eczoil-de-2","8":"first","9":"instock","10":"taxable","11":"shipping-taxable","12":"purchasable","13":"product-type-simple"},"yoast_head":"<!-- This site is optimized with the Yoast SEO plugin v27.5 - https:\/\/yoast.com\/product\/yoast-seo-wordpress\/ -->\n<title>Bittermelone 1 Liter Flasche - Eczoil BV<\/title>\n<meta name=\"robots\" content=\"index, follow, max-snippet:-1, max-image-preview:large, max-video-preview:-1\" \/>\n<link rel=\"canonical\" href=\"https:\/\/www.eczoil.com\/de\/producten\/bittermelone-1-liter-flasche\/\" \/>\n<meta property=\"og:locale\" content=\"de_DE\" \/>\n<meta property=\"og:type\" content=\"article\" \/>\n<meta property=\"og:title\" content=\"Bittermelone 1 Liter Flasche - Eczoil BV\" \/>\n<meta property=\"og:description\" content=\"Bittere Melone, die Mega-Gesundheitsfrucht als fertiges P\u00fcree in einer Flasche.  Der Name dieser Frucht ist merkw\u00fcrdig, weil Bittermelone keine Melone ist. Der offizielle Name ist sopropo (oder lateinisch: Momordica charantia) und die Frucht \u00e4hnelt einer Gurke mit Warzen.  Der Geschmack ist zwar bitter, aber dagegen kann viel getan werden. Besonders wenn die Bittermelone als P\u00fcree aus einer Flasche als Mischung mit Wasser und unges\u00fc\u00dftem Sirup getrunken wird.\" \/>\n<meta property=\"og:url\" content=\"https:\/\/www.eczoil.com\/de\/producten\/bittermelone-1-liter-flasche\/\" \/>\n<meta property=\"og:site_name\" content=\"Eczoil BV\" \/>\n<meta property=\"article:modified_time\" content=\"2020-05-07T19:42:24+00:00\" \/>\n<meta property=\"og:image\" content=\"https:\/\/www.eczoil.com\/wp-content\/uploads\/Eczoil-Bittermeloen.jpg\" \/>\n\t<meta property=\"og:image:width\" content=\"600\" \/>\n\t<meta property=\"og:image:height\" content=\"900\" \/>\n\t<meta property=\"og:image:type\" content=\"image\/jpeg\" \/>\n<meta name=\"twitter:card\" content=\"summary_large_image\" \/>\n<meta name=\"twitter:label1\" content=\"Gesch\u00e4tzte Lesezeit\" \/>\n\t<meta name=\"twitter:data1\" content=\"2\u00a0Minuten\" \/>\n<script type=\"application\/ld+json\" class=\"yoast-schema-graph\">{\"@context\":\"https:\\\/\\\/schema.org\",\"@graph\":[{\"@type\":\"WebPage\",\"@id\":\"https:\\\/\\\/www.eczoil.com\\\/de\\\/producten\\\/bittermelone-1-liter-flasche\\\/\",\"url\":\"https:\\\/\\\/www.eczoil.com\\\/de\\\/producten\\\/bittermelone-1-liter-flasche\\\/\",\"name\":\"Bittermelone 1 Liter Flasche - Eczoil BV\",\"isPartOf\":{\"@id\":\"https:\\\/\\\/www.eczoil.com\\\/de\\\/#website\"},\"primaryImageOfPage\":{\"@id\":\"https:\\\/\\\/www.eczoil.com\\\/de\\\/producten\\\/bittermelone-1-liter-flasche\\\/#primaryimage\"},\"image\":{\"@id\":\"https:\\\/\\\/www.eczoil.com\\\/de\\\/producten\\\/bittermelone-1-liter-flasche\\\/#primaryimage\"},\"thumbnailUrl\":\"https:\\\/\\\/www.eczoil.com\\\/wp-content\\\/uploads\\\/Eczoil-Bittermeloen.jpg\",\"datePublished\":\"2019-05-09T10:05:29+00:00\",\"dateModified\":\"2020-05-07T19:42:24+00:00\",\"breadcrumb\":{\"@id\":\"https:\\\/\\\/www.eczoil.com\\\/de\\\/producten\\\/bittermelone-1-liter-flasche\\\/#breadcrumb\"},\"inLanguage\":\"de\",\"potentialAction\":[{\"@type\":\"ReadAction\",\"target\":[\"https:\\\/\\\/www.eczoil.com\\\/de\\\/producten\\\/bittermelone-1-liter-flasche\\\/\"]}]},{\"@type\":\"ImageObject\",\"inLanguage\":\"de\",\"@id\":\"https:\\\/\\\/www.eczoil.com\\\/de\\\/producten\\\/bittermelone-1-liter-flasche\\\/#primaryimage\",\"url\":\"https:\\\/\\\/www.eczoil.com\\\/wp-content\\\/uploads\\\/Eczoil-Bittermeloen.jpg\",\"contentUrl\":\"https:\\\/\\\/www.eczoil.com\\\/wp-content\\\/uploads\\\/Eczoil-Bittermeloen.jpg\",\"width\":600,\"height\":900},{\"@type\":\"BreadcrumbList\",\"@id\":\"https:\\\/\\\/www.eczoil.com\\\/de\\\/producten\\\/bittermelone-1-liter-flasche\\\/#breadcrumb\",\"itemListElement\":[{\"@type\":\"ListItem\",\"position\":1,\"name\":\"Home\",\"item\":\"https:\\\/\\\/www.eczoil.com\\\/de\\\/\"},{\"@type\":\"ListItem\",\"position\":2,\"name\":\"Produkte\",\"item\":\"https:\\\/\\\/www.eczoil.com\\\/de\\\/produkte\\\/\"},{\"@type\":\"ListItem\",\"position\":3,\"name\":\"Bittermelone 1 Liter Flasche\"}]},{\"@type\":\"WebSite\",\"@id\":\"https:\\\/\\\/www.eczoil.com\\\/de\\\/#website\",\"url\":\"https:\\\/\\\/www.eczoil.com\\\/de\\\/\",\"name\":\"Eczoil BV\",\"description\":\"Natuurlijk, dat willen we allemaal wel!\",\"potentialAction\":[{\"@type\":\"SearchAction\",\"target\":{\"@type\":\"EntryPoint\",\"urlTemplate\":\"https:\\\/\\\/www.eczoil.com\\\/de\\\/?s={search_term_string}\"},\"query-input\":{\"@type\":\"PropertyValueSpecification\",\"valueRequired\":true,\"valueName\":\"search_term_string\"}}],\"inLanguage\":\"de\"}]}<\/script>\n<!-- \/ Yoast SEO plugin. -->","yoast_head_json":{"title":"Bittermelone 1 Liter Flasche - Eczoil BV","robots":{"index":"index","follow":"follow","max-snippet":"max-snippet:-1","max-image-preview":"max-image-preview:large","max-video-preview":"max-video-preview:-1"},"canonical":"https:\/\/www.eczoil.com\/de\/producten\/bittermelone-1-liter-flasche\/","og_locale":"de_DE","og_type":"article","og_title":"Bittermelone 1 Liter Flasche - Eczoil BV","og_description":"Bittere Melone, die Mega-Gesundheitsfrucht als fertiges P\u00fcree in einer Flasche.  Der Name dieser Frucht ist merkw\u00fcrdig, weil Bittermelone keine Melone ist. Der offizielle Name ist sopropo (oder lateinisch: Momordica charantia) und die Frucht \u00e4hnelt einer Gurke mit Warzen.  Der Geschmack ist zwar bitter, aber dagegen kann viel getan werden. Besonders wenn die Bittermelone als P\u00fcree aus einer Flasche als Mischung mit Wasser und unges\u00fc\u00dftem Sirup getrunken wird.","og_url":"https:\/\/www.eczoil.com\/de\/producten\/bittermelone-1-liter-flasche\/","og_site_name":"Eczoil BV","article_modified_time":"2020-05-07T19:42:24+00:00","og_image":[{"width":600,"height":900,"url":"https:\/\/www.eczoil.com\/wp-content\/uploads\/Eczoil-Bittermeloen.jpg","type":"image\/jpeg"}],"twitter_card":"summary_large_image","twitter_misc":{"Gesch\u00e4tzte Lesezeit":"2\u00a0Minuten"},"schema":{"@context":"https:\/\/schema.org","@graph":[{"@type":"WebPage","@id":"https:\/\/www.eczoil.com\/de\/producten\/bittermelone-1-liter-flasche\/","url":"https:\/\/www.eczoil.com\/de\/producten\/bittermelone-1-liter-flasche\/","name":"Bittermelone 1 Liter Flasche - Eczoil BV","isPartOf":{"@id":"https:\/\/www.eczoil.com\/de\/#website"},"primaryImageOfPage":{"@id":"https:\/\/www.eczoil.com\/de\/producten\/bittermelone-1-liter-flasche\/#primaryimage"},"image":{"@id":"https:\/\/www.eczoil.com\/de\/producten\/bittermelone-1-liter-flasche\/#primaryimage"},"thumbnailUrl":"https:\/\/www.eczoil.com\/wp-content\/uploads\/Eczoil-Bittermeloen.jpg","datePublished":"2019-05-09T10:05:29+00:00","dateModified":"2020-05-07T19:42:24+00:00","breadcrumb":{"@id":"https:\/\/www.eczoil.com\/de\/producten\/bittermelone-1-liter-flasche\/#breadcrumb"},"inLanguage":"de","potentialAction":[{"@type":"ReadAction","target":["https:\/\/www.eczoil.com\/de\/producten\/bittermelone-1-liter-flasche\/"]}]},{"@type":"ImageObject","inLanguage":"de","@id":"https:\/\/www.eczoil.com\/de\/producten\/bittermelone-1-liter-flasche\/#primaryimage","url":"https:\/\/www.eczoil.com\/wp-content\/uploads\/Eczoil-Bittermeloen.jpg","contentUrl":"https:\/\/www.eczoil.com\/wp-content\/uploads\/Eczoil-Bittermeloen.jpg","width":600,"height":900},{"@type":"BreadcrumbList","@id":"https:\/\/www.eczoil.com\/de\/producten\/bittermelone-1-liter-flasche\/#breadcrumb","itemListElement":[{"@type":"ListItem","position":1,"name":"Home","item":"https:\/\/www.eczoil.com\/de\/"},{"@type":"ListItem","position":2,"name":"Produkte","item":"https:\/\/www.eczoil.com\/de\/produkte\/"},{"@type":"ListItem","position":3,"name":"Bittermelone 1 Liter Flasche"}]},{"@type":"WebSite","@id":"https:\/\/www.eczoil.com\/de\/#website","url":"https:\/\/www.eczoil.com\/de\/","name":"Eczoil BV","description":"Natuurlijk, dat willen we allemaal wel!","potentialAction":[{"@type":"SearchAction","target":{"@type":"EntryPoint","urlTemplate":"https:\/\/www.eczoil.com\/de\/?s={search_term_string}"},"query-input":{"@type":"PropertyValueSpecification","valueRequired":true,"valueName":"search_term_string"}}],"inLanguage":"de"}]}},"_links":{"self":[{"href":"https:\/\/www.eczoil.com\/de\/wp-json\/wp\/v2\/product\/10147","targetHints":{"allow":["GET"]}}],"collection":[{"href":"https:\/\/www.eczoil.com\/de\/wp-json\/wp\/v2\/product"}],"about":[{"href":"https:\/\/www.eczoil.com\/de\/wp-json\/wp\/v2\/types\/product"}],"replies":[{"embeddable":true,"href":"https:\/\/www.eczoil.com\/de\/wp-json\/wp\/v2\/comments?post=10147"}],"wp:featuredmedia":[{"embeddable":true,"href":"https:\/\/www.eczoil.com\/de\/wp-json\/wp\/v2\/media\/917"}],"wp:attachment":[{"href":"https:\/\/www.eczoil.com\/de\/wp-json\/wp\/v2\/media?parent=10147"}],"wp:term":[{"taxonomy":"product_brand","embeddable":true,"href":"https:\/\/www.eczoil.com\/de\/wp-json\/wp\/v2\/product_brand?post=10147"},{"taxonomy":"product_cat","embeddable":true,"href":"https:\/\/www.eczoil.com\/de\/wp-json\/wp\/v2\/product_cat?post=10147"},{"taxonomy":"product_tag","embeddable":true,"href":"https:\/\/www.eczoil.com\/de\/wp-json\/wp\/v2\/product_tag?post=10147"}],"curies":[{"name":"wp","href":"https:\/\/api.w.org\/{rel}","templated":true}]}}