{"id":10232,"date":"2019-05-09T12:04:14","date_gmt":"2019-05-09T10:04:14","guid":{"rendered":"https:\/\/www.eczoil.com\/product\/bittermelone-bittergurke-tinktur\/"},"modified":"2020-05-07T22:16:25","modified_gmt":"2020-05-07T20:16:25","slug":"bittermelone-bittergurke-tinktur","status":"publish","type":"product","link":"https:\/\/www.eczoil.com\/de\/producten\/bittermelone-bittergurke-tinktur\/","title":{"rendered":"Bittermelone \/ Bittergurke Tinktur"},"content":{"rendered":"<p>Nahrungserg\u00e4nzungsmittel auf Kr\u00e4uterbasis.<\/p>\n<p><strong>Dosierung und Anwendung<\/strong><\/p>\n<ul>\n<li>Erwachsene: 1x t\u00e4glich 4 ml, vorzugsweise auf n\u00fcchternen Magen einnehmen. Evtl. mit ein wenig Wasser. Ist der Zuckerwert stabil, dann zur t\u00e4glichen Versorgung 2,5 ml einnehmen.<\/li>\n<li>Nicht f\u00fcr schwangere Frauen und Frauen geeignet, die schwanger werden wollen, schwanger sind oder stillen.<\/li>\n<\/ul>\n<p><strong style=\"color: #6bbb2f;\">* Hilft die Zuckerwerte innerhalb der Grenzwerte zu halten *<\/strong><br \/>\n<strong style=\"color: #6bbb2f;\">* Unterst\u00fctzt eine normale Funktionsweise der Bauchspeicheldr\u00fcse *<\/strong><\/p>\n<p>Beachten Sie die t\u00e4gliche Dosis, sofern nichts anderes empfohlen.<\/p>\n<p>Ein Nahrungserg\u00e4nzungsmittel ist kein Ersatz f\u00fcr eine abwechslungsreiche Ern\u00e4hrung und eine gesunde Lebensweise.<\/p>\n<p>Trocken und bei Zimmertemperatur lagern. Darf nicht in die H\u00e4nde von Kindern gelangen.<\/p>\n<p><strong>Die obigen Angaben gelten bei Einnahme von:<\/strong><\/p>\n<p>Die Norm wird bereits bei 20 Tropfen pro Tag erf\u00fcllt. Bei 80 Tropfen entspricht die Einnahme von 5600 Mg also mehr als 4 x der Anwendungsbedingungen.<\/p>\n<p><strong>Zusammensetzung:<\/strong><\/p>\n<p>Enth\u00e4lt pro Tagesdosis (4 ml oder 80 Tropfen). Die alkoholischen, konzentrierten Extrakte (14:1) aus:<\/p>\n<ul>\n<li>Mormordica charantie fructus 3.6 ml<\/li>\n<li>Ribes nigrum fructus 0.2 ml<\/li>\n<li>Daucus carota radix 0.2 ml<\/li>\n<\/ul>\n<p><strong>Inhaltsstoffe:<\/strong><\/p>\n<ul>\n<li>Bittermelone, Karotte, schwarze Johannisbeere<\/li>\n<li>Hilfsstoff: Bioethanol<\/li>\n<li>Enth\u00e4lt 20% Alkohol<\/li>\n<\/ul>\n<p>Herkunft: Vietnam<\/p>\n<p>* Die Bewertung der gesundheitsbezogenen Angaben wurde eingereicht und l\u00e4uft<\/p>\n","protected":false},"excerpt":{"rendered":"<p><strong>Nahrungserg\u00e4nzungsmittel auf Kr\u00e4uterbasis.<\/strong><\/p>\n<p><strong style=\"color: #6bbb2f;\">* Hilft die Zuckerwerte innerhalb der Grenzwerte zu halten *<\/strong><br \/>\n<strong style=\"color: #6bbb2f;\">* Unterst\u00fctzt eine normale Funktionsweise der Bauchspeicheldr\u00fcse *<\/strong><\/p>\n<p><strong> Die obigen Angaben gelten bei Einnahme von:<\/strong><br \/>\nDie Norm wird bereits bei 20 Tropfen pro Tag erf\u00fcllt. Bei 80 Tropfen entspricht die Einnahme von 5600 Mg also mehr als 4 x der Anwendungsbedingungen.<\/p>\n","protected":false},"featured_media":911,"comment_status":"closed","ping_status":"closed","template":"","meta":[],"product_brand":[],"product_cat":[40],"product_tag":[],"class_list":{"0":"post-10232","1":"product","2":"type-product","3":"status-publish","4":"has-post-thumbnail","6":"product_cat-eczoil-de-2","8":"first","9":"instock","10":"taxable","11":"shipping-taxable","12":"purchasable","13":"product-type-simple"},"yoast_head":"<!-- This site is optimized with the Yoast SEO plugin v27.4 - https:\/\/yoast.com\/product\/yoast-seo-wordpress\/ -->\n<title>Bittermelone \/ Bittergurke Tinktur - Eczoil BV<\/title>\n<meta name=\"robots\" content=\"index, follow, max-snippet:-1, max-image-preview:large, max-video-preview:-1\" \/>\n<link rel=\"canonical\" href=\"https:\/\/www.eczoil.com\/de\/producten\/bittermelone-bittergurke-tinktur\/\" \/>\n<meta property=\"og:locale\" content=\"de_DE\" \/>\n<meta property=\"og:type\" content=\"article\" \/>\n<meta property=\"og:title\" content=\"Bittermelone \/ Bittergurke Tinktur - Eczoil BV\" \/>\n<meta property=\"og:description\" content=\"Nahrungserg\u00e4nzungsmittel auf Kr\u00e4uterbasis.  * Hilft die Zuckerwerte innerhalb der Grenzwerte zu halten * * Unterst\u00fctzt eine normale Funktionsweise der Bauchspeicheldr\u00fcse *   Die obigen Angaben gelten bei Einnahme von: Die Norm wird bereits bei 20 Tropfen pro Tag erf\u00fcllt. Bei 80 Tropfen entspricht die Einnahme von 5600 Mg also mehr als 4 x der Anwendungsbedingungen.\" \/>\n<meta property=\"og:url\" content=\"https:\/\/www.eczoil.com\/de\/producten\/bittermelone-bittergurke-tinktur\/\" \/>\n<meta property=\"og:site_name\" content=\"Eczoil BV\" \/>\n<meta property=\"article:modified_time\" content=\"2020-05-07T20:16:25+00:00\" \/>\n<meta property=\"og:image\" content=\"https:\/\/www.eczoil.com\/wp-content\/uploads\/Eczoil-Bittermeloen-Tinctuur.jpg\" \/>\n\t<meta property=\"og:image:width\" content=\"800\" \/>\n\t<meta property=\"og:image:height\" content=\"1200\" \/>\n\t<meta property=\"og:image:type\" content=\"image\/jpeg\" \/>\n<meta name=\"twitter:card\" content=\"summary_large_image\" \/>\n<meta name=\"twitter:label1\" content=\"Gesch\u00e4tzte Lesezeit\" \/>\n\t<meta name=\"twitter:data1\" content=\"1\u00a0Minute\" \/>\n<script type=\"application\/ld+json\" class=\"yoast-schema-graph\">{\"@context\":\"https:\\\/\\\/schema.org\",\"@graph\":[{\"@type\":\"WebPage\",\"@id\":\"https:\\\/\\\/www.eczoil.com\\\/de\\\/producten\\\/bittermelone-bittergurke-tinktur\\\/\",\"url\":\"https:\\\/\\\/www.eczoil.com\\\/de\\\/producten\\\/bittermelone-bittergurke-tinktur\\\/\",\"name\":\"Bittermelone \\\/ Bittergurke Tinktur - Eczoil BV\",\"isPartOf\":{\"@id\":\"https:\\\/\\\/www.eczoil.com\\\/de\\\/#website\"},\"primaryImageOfPage\":{\"@id\":\"https:\\\/\\\/www.eczoil.com\\\/de\\\/producten\\\/bittermelone-bittergurke-tinktur\\\/#primaryimage\"},\"image\":{\"@id\":\"https:\\\/\\\/www.eczoil.com\\\/de\\\/producten\\\/bittermelone-bittergurke-tinktur\\\/#primaryimage\"},\"thumbnailUrl\":\"https:\\\/\\\/www.eczoil.com\\\/wp-content\\\/uploads\\\/Eczoil-Bittermeloen-Tinctuur.jpg\",\"datePublished\":\"2019-05-09T10:04:14+00:00\",\"dateModified\":\"2020-05-07T20:16:25+00:00\",\"breadcrumb\":{\"@id\":\"https:\\\/\\\/www.eczoil.com\\\/de\\\/producten\\\/bittermelone-bittergurke-tinktur\\\/#breadcrumb\"},\"inLanguage\":\"de\",\"potentialAction\":[{\"@type\":\"ReadAction\",\"target\":[\"https:\\\/\\\/www.eczoil.com\\\/de\\\/producten\\\/bittermelone-bittergurke-tinktur\\\/\"]}]},{\"@type\":\"ImageObject\",\"inLanguage\":\"de\",\"@id\":\"https:\\\/\\\/www.eczoil.com\\\/de\\\/producten\\\/bittermelone-bittergurke-tinktur\\\/#primaryimage\",\"url\":\"https:\\\/\\\/www.eczoil.com\\\/wp-content\\\/uploads\\\/Eczoil-Bittermeloen-Tinctuur.jpg\",\"contentUrl\":\"https:\\\/\\\/www.eczoil.com\\\/wp-content\\\/uploads\\\/Eczoil-Bittermeloen-Tinctuur.jpg\",\"width\":800,\"height\":1200},{\"@type\":\"BreadcrumbList\",\"@id\":\"https:\\\/\\\/www.eczoil.com\\\/de\\\/producten\\\/bittermelone-bittergurke-tinktur\\\/#breadcrumb\",\"itemListElement\":[{\"@type\":\"ListItem\",\"position\":1,\"name\":\"Home\",\"item\":\"https:\\\/\\\/www.eczoil.com\\\/de\\\/\"},{\"@type\":\"ListItem\",\"position\":2,\"name\":\"Produkte\",\"item\":\"https:\\\/\\\/www.eczoil.com\\\/de\\\/produkte\\\/\"},{\"@type\":\"ListItem\",\"position\":3,\"name\":\"Bittermelone \\\/ Bittergurke Tinktur\"}]},{\"@type\":\"WebSite\",\"@id\":\"https:\\\/\\\/www.eczoil.com\\\/de\\\/#website\",\"url\":\"https:\\\/\\\/www.eczoil.com\\\/de\\\/\",\"name\":\"Eczoil BV\",\"description\":\"Natuurlijk, dat willen we allemaal wel!\",\"potentialAction\":[{\"@type\":\"SearchAction\",\"target\":{\"@type\":\"EntryPoint\",\"urlTemplate\":\"https:\\\/\\\/www.eczoil.com\\\/de\\\/?s={search_term_string}\"},\"query-input\":{\"@type\":\"PropertyValueSpecification\",\"valueRequired\":true,\"valueName\":\"search_term_string\"}}],\"inLanguage\":\"de\"}]}<\/script>\n<!-- \/ Yoast SEO plugin. -->","yoast_head_json":{"title":"Bittermelone \/ Bittergurke Tinktur - Eczoil BV","robots":{"index":"index","follow":"follow","max-snippet":"max-snippet:-1","max-image-preview":"max-image-preview:large","max-video-preview":"max-video-preview:-1"},"canonical":"https:\/\/www.eczoil.com\/de\/producten\/bittermelone-bittergurke-tinktur\/","og_locale":"de_DE","og_type":"article","og_title":"Bittermelone \/ Bittergurke Tinktur - Eczoil BV","og_description":"Nahrungserg\u00e4nzungsmittel auf Kr\u00e4uterbasis.  * Hilft die Zuckerwerte innerhalb der Grenzwerte zu halten * * Unterst\u00fctzt eine normale Funktionsweise der Bauchspeicheldr\u00fcse *   Die obigen Angaben gelten bei Einnahme von: Die Norm wird bereits bei 20 Tropfen pro Tag erf\u00fcllt. Bei 80 Tropfen entspricht die Einnahme von 5600 Mg also mehr als 4 x der Anwendungsbedingungen.","og_url":"https:\/\/www.eczoil.com\/de\/producten\/bittermelone-bittergurke-tinktur\/","og_site_name":"Eczoil BV","article_modified_time":"2020-05-07T20:16:25+00:00","og_image":[{"width":800,"height":1200,"url":"https:\/\/www.eczoil.com\/wp-content\/uploads\/Eczoil-Bittermeloen-Tinctuur.jpg","type":"image\/jpeg"}],"twitter_card":"summary_large_image","twitter_misc":{"Gesch\u00e4tzte Lesezeit":"1\u00a0Minute"},"schema":{"@context":"https:\/\/schema.org","@graph":[{"@type":"WebPage","@id":"https:\/\/www.eczoil.com\/de\/producten\/bittermelone-bittergurke-tinktur\/","url":"https:\/\/www.eczoil.com\/de\/producten\/bittermelone-bittergurke-tinktur\/","name":"Bittermelone \/ Bittergurke Tinktur - Eczoil BV","isPartOf":{"@id":"https:\/\/www.eczoil.com\/de\/#website"},"primaryImageOfPage":{"@id":"https:\/\/www.eczoil.com\/de\/producten\/bittermelone-bittergurke-tinktur\/#primaryimage"},"image":{"@id":"https:\/\/www.eczoil.com\/de\/producten\/bittermelone-bittergurke-tinktur\/#primaryimage"},"thumbnailUrl":"https:\/\/www.eczoil.com\/wp-content\/uploads\/Eczoil-Bittermeloen-Tinctuur.jpg","datePublished":"2019-05-09T10:04:14+00:00","dateModified":"2020-05-07T20:16:25+00:00","breadcrumb":{"@id":"https:\/\/www.eczoil.com\/de\/producten\/bittermelone-bittergurke-tinktur\/#breadcrumb"},"inLanguage":"de","potentialAction":[{"@type":"ReadAction","target":["https:\/\/www.eczoil.com\/de\/producten\/bittermelone-bittergurke-tinktur\/"]}]},{"@type":"ImageObject","inLanguage":"de","@id":"https:\/\/www.eczoil.com\/de\/producten\/bittermelone-bittergurke-tinktur\/#primaryimage","url":"https:\/\/www.eczoil.com\/wp-content\/uploads\/Eczoil-Bittermeloen-Tinctuur.jpg","contentUrl":"https:\/\/www.eczoil.com\/wp-content\/uploads\/Eczoil-Bittermeloen-Tinctuur.jpg","width":800,"height":1200},{"@type":"BreadcrumbList","@id":"https:\/\/www.eczoil.com\/de\/producten\/bittermelone-bittergurke-tinktur\/#breadcrumb","itemListElement":[{"@type":"ListItem","position":1,"name":"Home","item":"https:\/\/www.eczoil.com\/de\/"},{"@type":"ListItem","position":2,"name":"Produkte","item":"https:\/\/www.eczoil.com\/de\/produkte\/"},{"@type":"ListItem","position":3,"name":"Bittermelone \/ Bittergurke Tinktur"}]},{"@type":"WebSite","@id":"https:\/\/www.eczoil.com\/de\/#website","url":"https:\/\/www.eczoil.com\/de\/","name":"Eczoil BV","description":"Natuurlijk, dat willen we allemaal wel!","potentialAction":[{"@type":"SearchAction","target":{"@type":"EntryPoint","urlTemplate":"https:\/\/www.eczoil.com\/de\/?s={search_term_string}"},"query-input":{"@type":"PropertyValueSpecification","valueRequired":true,"valueName":"search_term_string"}}],"inLanguage":"de"}]}},"_links":{"self":[{"href":"https:\/\/www.eczoil.com\/de\/wp-json\/wp\/v2\/product\/10232","targetHints":{"allow":["GET"]}}],"collection":[{"href":"https:\/\/www.eczoil.com\/de\/wp-json\/wp\/v2\/product"}],"about":[{"href":"https:\/\/www.eczoil.com\/de\/wp-json\/wp\/v2\/types\/product"}],"replies":[{"embeddable":true,"href":"https:\/\/www.eczoil.com\/de\/wp-json\/wp\/v2\/comments?post=10232"}],"wp:featuredmedia":[{"embeddable":true,"href":"https:\/\/www.eczoil.com\/de\/wp-json\/wp\/v2\/media\/911"}],"wp:attachment":[{"href":"https:\/\/www.eczoil.com\/de\/wp-json\/wp\/v2\/media?parent=10232"}],"wp:term":[{"taxonomy":"product_brand","embeddable":true,"href":"https:\/\/www.eczoil.com\/de\/wp-json\/wp\/v2\/product_brand?post=10232"},{"taxonomy":"product_cat","embeddable":true,"href":"https:\/\/www.eczoil.com\/de\/wp-json\/wp\/v2\/product_cat?post=10232"},{"taxonomy":"product_tag","embeddable":true,"href":"https:\/\/www.eczoil.com\/de\/wp-json\/wp\/v2\/product_tag?post=10232"}],"curies":[{"name":"wp","href":"https:\/\/api.w.org\/{rel}","templated":true}]}}