{"id":10237,"date":"2019-05-09T12:02:04","date_gmt":"2019-05-09T10:02:04","guid":{"rendered":"https:\/\/www.eczoil.com\/product\/eczoil-liquid-2-stuck-angebot\/"},"modified":"2020-05-07T22:03:51","modified_gmt":"2020-05-07T20:03:51","slug":"eczoil-liquid-2-stuck-angebot","status":"publish","type":"product","link":"https:\/\/www.eczoil.com\/de\/producten\/eczoil-liquid-2-stuck-angebot\/","title":{"rendered":"Eczoil Liquid &#8211; 2 St\u00fcck (Angebot)"},"content":{"rendered":"<p><strong>Naturheilkundliche Anwendungen<\/strong><\/p>\n<p><strong>Eczoil Liquid Gebrauchsanweisung:<\/strong><\/p>\n<ul>\n<li>Eczoil Liquid ist ein Naturprodukt. Dieser Fischextrakt wird nach einem traditionellen und ganz traditionellen Verfahren hergestellt.<\/li>\n<li>Eczoil Liquid ist ein Getr\u00e4nk aus Fischextrakten ohne Zusatz von Schalentieren.<\/li>\n<li>Eczoil Liquid wird ohne Zusatz- oder Konservierungsstoffe hergestellt.<\/li>\n<li>Eczoil Liquid ist glutenfrei.<\/li>\n<\/ul>\n<p>Inhalt L: 1 Liter<\/p>\n<p>Allergen: Fisch<\/p>\n<p><strong>Im K\u00fchlschrank bei 0-7 Grad lagern<\/strong><\/p>\n<p><strong>Vor Gebrauch sch\u00fctteln<\/strong><\/p>\n<p><strong>Anwendung: M\u00dcNDLICHE EINNAHME &#8211; Mit dem Mund einnehmen.<\/strong><\/p>\n<p>Kinder \u00fcber 10 Jahre und Erwachsene:<\/p>\n<p>Beginnen Sie mit 2 x 75 ml pro Tag, vorzugsweise am selben Tag &#8211; mit 12 Stunden dazwischen.<\/p>\n<p>Beginnen Sie dann mit 1x 75ml<\/p>\n<p>Dann jeden zweiten Tag 75ml, als Erhaltung des K\u00f6rpers.<\/p>\n<p>HINWEIS: Lesen Sie die obigen Informationen sorgf\u00e4ltig durch. Jeder K\u00f6rper ist anders.<\/p>\n<p>Der Fischextrakt kann mindestens 4 bis 12 Wochen eingenommen werden. Verlangsamen Sie, h\u00f6ren Sie nicht abrupt auf. Oder wiederholen Sie den Vorgang, falls gew\u00fcnscht.<\/p>\n<p><strong>Bei der Einnahme von Eczoil Liquid ist Folgendes zu beachten:<\/strong><\/p>\n<ul>\n<li>nimm rein. Auf n\u00fcchternen Magen. Nicht mischen<\/li>\n<li>30 Minuten vor dem Fr\u00fchst\u00fcck \/ Essen<\/li>\n<li>Nicht in Kombination mit zuckerhaltigen Getr\u00e4nken einnehmen<\/li>\n<li>Verwenden Sie Zucker und Milchprodukte tags\u00fcber in Ma\u00dfen in Verbindung mit m\u00f6gliche Antwort(en)<\/li>\n<li>Sei vorsichtig mit Alkohol. Dies kann zu einer Reaktion f\u00fchren<\/li>\n<li>Nicht w\u00e4hrend der Schwangerschaft einnehmen. Auch wenn Sie stillen<\/li>\n<li>Schmieren Sie die Haut mit einer feuchtigkeitsdurchl\u00e4ssigen Salbe (auf Wasser- \/ Aquabasis) ohne Zusatzstoffe<\/li>\n<\/ul>\n<p>Kann nach dem \u00d6ffnen 4 Wochen gelagert werden. Kann mit geschlossener Kappe 8 Wochen gelagert werden.<\/p>\n<p>Lesen Sie vor dem Gebrauch die Gebrauchsanweisung von Eczoil Liquid.<\/p>\n","protected":false},"excerpt":{"rendered":"<p><strong>Naturheilkundliche Anwendungen<\/strong><\/p>\n<ul>\n<li>Eczoil Liquid ist ein Naturprodukt. Dieser Fischextrakt wird nach einem traditionellen und ganz traditionellen Verfahren hergestellt.<\/li>\n<li>Eczoil Liquid ist ein Getr\u00e4nk aus Fischextrakten ohne Zusatz von Schalentieren.<\/li>\n<li>Eczoil Liquid wird ohne Zusatz- oder Konservierungsstoffe hergestellt.<\/li>\n<li>Eczoil Liquid ist glutenfrei.<\/li>\n<\/ul>\n","protected":false},"featured_media":929,"comment_status":"closed","ping_status":"closed","template":"","meta":[],"product_brand":[],"product_cat":[40],"product_tag":[],"class_list":{"0":"post-10237","1":"product","2":"type-product","3":"status-publish","4":"has-post-thumbnail","6":"product_cat-eczoil-de-2","8":"first","9":"outofstock","10":"taxable","11":"shipping-taxable","12":"purchasable","13":"product-type-simple"},"yoast_head":"<!-- This site is optimized with the Yoast SEO plugin v27.6 - https:\/\/yoast.com\/product\/yoast-seo-wordpress\/ -->\n<title>Eczoil Liquid - 2 St\u00fcck (Angebot) - Eczoil BV<\/title>\n<meta name=\"robots\" content=\"index, follow, max-snippet:-1, max-image-preview:large, max-video-preview:-1\" \/>\n<link rel=\"canonical\" href=\"https:\/\/www.eczoil.com\/de\/producten\/eczoil-liquid-2-stuck-angebot\/\" \/>\n<meta property=\"og:locale\" content=\"de_DE\" \/>\n<meta property=\"og:type\" content=\"article\" \/>\n<meta property=\"og:title\" content=\"Eczoil Liquid - 2 St\u00fcck (Angebot) - Eczoil BV\" \/>\n<meta property=\"og:description\" content=\"Naturheilkundliche Anwendungen   Eczoil Liquid ist ein Naturprodukt. Dieser Fischextrakt wird nach einem traditionellen und ganz traditionellen Verfahren hergestellt.  Eczoil Liquid ist ein Getr\u00e4nk aus Fischextrakten ohne Zusatz von Schalentieren.  Eczoil Liquid wird ohne Zusatz- oder Konservierungsstoffe hergestellt.  Eczoil Liquid ist glutenfrei.\" \/>\n<meta property=\"og:url\" content=\"https:\/\/www.eczoil.com\/de\/producten\/eczoil-liquid-2-stuck-angebot\/\" \/>\n<meta property=\"og:site_name\" content=\"Eczoil BV\" \/>\n<meta property=\"article:modified_time\" content=\"2020-05-07T20:03:51+00:00\" \/>\n<meta property=\"og:image\" content=\"https:\/\/www.eczoil.com\/wp-content\/uploads\/Eczoil-liquid.png\" \/>\n\t<meta property=\"og:image:width\" content=\"500\" \/>\n\t<meta property=\"og:image:height\" content=\"750\" \/>\n\t<meta property=\"og:image:type\" content=\"image\/png\" \/>\n<meta name=\"twitter:card\" content=\"summary_large_image\" \/>\n<meta name=\"twitter:label1\" content=\"Gesch\u00e4tzte Lesezeit\" \/>\n\t<meta name=\"twitter:data1\" content=\"1\u00a0Minute\" \/>\n<script type=\"application\/ld+json\" class=\"yoast-schema-graph\">{\"@context\":\"https:\\\/\\\/schema.org\",\"@graph\":[{\"@type\":\"WebPage\",\"@id\":\"https:\\\/\\\/www.eczoil.com\\\/de\\\/producten\\\/eczoil-liquid-2-stuck-angebot\\\/\",\"url\":\"https:\\\/\\\/www.eczoil.com\\\/de\\\/producten\\\/eczoil-liquid-2-stuck-angebot\\\/\",\"name\":\"Eczoil Liquid - 2 St\u00fcck (Angebot) - Eczoil BV\",\"isPartOf\":{\"@id\":\"https:\\\/\\\/www.eczoil.com\\\/de\\\/#website\"},\"primaryImageOfPage\":{\"@id\":\"https:\\\/\\\/www.eczoil.com\\\/de\\\/producten\\\/eczoil-liquid-2-stuck-angebot\\\/#primaryimage\"},\"image\":{\"@id\":\"https:\\\/\\\/www.eczoil.com\\\/de\\\/producten\\\/eczoil-liquid-2-stuck-angebot\\\/#primaryimage\"},\"thumbnailUrl\":\"https:\\\/\\\/www.eczoil.com\\\/wp-content\\\/uploads\\\/Eczoil-liquid.png\",\"datePublished\":\"2019-05-09T10:02:04+00:00\",\"dateModified\":\"2020-05-07T20:03:51+00:00\",\"breadcrumb\":{\"@id\":\"https:\\\/\\\/www.eczoil.com\\\/de\\\/producten\\\/eczoil-liquid-2-stuck-angebot\\\/#breadcrumb\"},\"inLanguage\":\"de\",\"potentialAction\":[{\"@type\":\"ReadAction\",\"target\":[\"https:\\\/\\\/www.eczoil.com\\\/de\\\/producten\\\/eczoil-liquid-2-stuck-angebot\\\/\"]}]},{\"@type\":\"ImageObject\",\"inLanguage\":\"de\",\"@id\":\"https:\\\/\\\/www.eczoil.com\\\/de\\\/producten\\\/eczoil-liquid-2-stuck-angebot\\\/#primaryimage\",\"url\":\"https:\\\/\\\/www.eczoil.com\\\/wp-content\\\/uploads\\\/Eczoil-liquid.png\",\"contentUrl\":\"https:\\\/\\\/www.eczoil.com\\\/wp-content\\\/uploads\\\/Eczoil-liquid.png\",\"width\":500,\"height\":750},{\"@type\":\"BreadcrumbList\",\"@id\":\"https:\\\/\\\/www.eczoil.com\\\/de\\\/producten\\\/eczoil-liquid-2-stuck-angebot\\\/#breadcrumb\",\"itemListElement\":[{\"@type\":\"ListItem\",\"position\":1,\"name\":\"Home\",\"item\":\"https:\\\/\\\/www.eczoil.com\\\/de\\\/\"},{\"@type\":\"ListItem\",\"position\":2,\"name\":\"Produkte\",\"item\":\"https:\\\/\\\/www.eczoil.com\\\/de\\\/produkte\\\/\"},{\"@type\":\"ListItem\",\"position\":3,\"name\":\"Eczoil Liquid &#8211; 2 St\u00fcck (Angebot)\"}]},{\"@type\":\"WebSite\",\"@id\":\"https:\\\/\\\/www.eczoil.com\\\/de\\\/#website\",\"url\":\"https:\\\/\\\/www.eczoil.com\\\/de\\\/\",\"name\":\"Eczoil BV\",\"description\":\"Natuurlijk, dat willen we allemaal wel!\",\"potentialAction\":[{\"@type\":\"SearchAction\",\"target\":{\"@type\":\"EntryPoint\",\"urlTemplate\":\"https:\\\/\\\/www.eczoil.com\\\/de\\\/?s={search_term_string}\"},\"query-input\":{\"@type\":\"PropertyValueSpecification\",\"valueRequired\":true,\"valueName\":\"search_term_string\"}}],\"inLanguage\":\"de\"}]}<\/script>\n<!-- \/ Yoast SEO plugin. -->","yoast_head_json":{"title":"Eczoil Liquid - 2 St\u00fcck (Angebot) - Eczoil BV","robots":{"index":"index","follow":"follow","max-snippet":"max-snippet:-1","max-image-preview":"max-image-preview:large","max-video-preview":"max-video-preview:-1"},"canonical":"https:\/\/www.eczoil.com\/de\/producten\/eczoil-liquid-2-stuck-angebot\/","og_locale":"de_DE","og_type":"article","og_title":"Eczoil Liquid - 2 St\u00fcck (Angebot) - Eczoil BV","og_description":"Naturheilkundliche Anwendungen   Eczoil Liquid ist ein Naturprodukt. Dieser Fischextrakt wird nach einem traditionellen und ganz traditionellen Verfahren hergestellt.  Eczoil Liquid ist ein Getr\u00e4nk aus Fischextrakten ohne Zusatz von Schalentieren.  Eczoil Liquid wird ohne Zusatz- oder Konservierungsstoffe hergestellt.  Eczoil Liquid ist glutenfrei.","og_url":"https:\/\/www.eczoil.com\/de\/producten\/eczoil-liquid-2-stuck-angebot\/","og_site_name":"Eczoil BV","article_modified_time":"2020-05-07T20:03:51+00:00","og_image":[{"width":500,"height":750,"url":"https:\/\/www.eczoil.com\/wp-content\/uploads\/Eczoil-liquid.png","type":"image\/png"}],"twitter_card":"summary_large_image","twitter_misc":{"Gesch\u00e4tzte Lesezeit":"1\u00a0Minute"},"schema":{"@context":"https:\/\/schema.org","@graph":[{"@type":"WebPage","@id":"https:\/\/www.eczoil.com\/de\/producten\/eczoil-liquid-2-stuck-angebot\/","url":"https:\/\/www.eczoil.com\/de\/producten\/eczoil-liquid-2-stuck-angebot\/","name":"Eczoil Liquid - 2 St\u00fcck (Angebot) - Eczoil BV","isPartOf":{"@id":"https:\/\/www.eczoil.com\/de\/#website"},"primaryImageOfPage":{"@id":"https:\/\/www.eczoil.com\/de\/producten\/eczoil-liquid-2-stuck-angebot\/#primaryimage"},"image":{"@id":"https:\/\/www.eczoil.com\/de\/producten\/eczoil-liquid-2-stuck-angebot\/#primaryimage"},"thumbnailUrl":"https:\/\/www.eczoil.com\/wp-content\/uploads\/Eczoil-liquid.png","datePublished":"2019-05-09T10:02:04+00:00","dateModified":"2020-05-07T20:03:51+00:00","breadcrumb":{"@id":"https:\/\/www.eczoil.com\/de\/producten\/eczoil-liquid-2-stuck-angebot\/#breadcrumb"},"inLanguage":"de","potentialAction":[{"@type":"ReadAction","target":["https:\/\/www.eczoil.com\/de\/producten\/eczoil-liquid-2-stuck-angebot\/"]}]},{"@type":"ImageObject","inLanguage":"de","@id":"https:\/\/www.eczoil.com\/de\/producten\/eczoil-liquid-2-stuck-angebot\/#primaryimage","url":"https:\/\/www.eczoil.com\/wp-content\/uploads\/Eczoil-liquid.png","contentUrl":"https:\/\/www.eczoil.com\/wp-content\/uploads\/Eczoil-liquid.png","width":500,"height":750},{"@type":"BreadcrumbList","@id":"https:\/\/www.eczoil.com\/de\/producten\/eczoil-liquid-2-stuck-angebot\/#breadcrumb","itemListElement":[{"@type":"ListItem","position":1,"name":"Home","item":"https:\/\/www.eczoil.com\/de\/"},{"@type":"ListItem","position":2,"name":"Produkte","item":"https:\/\/www.eczoil.com\/de\/produkte\/"},{"@type":"ListItem","position":3,"name":"Eczoil Liquid &#8211; 2 St\u00fcck (Angebot)"}]},{"@type":"WebSite","@id":"https:\/\/www.eczoil.com\/de\/#website","url":"https:\/\/www.eczoil.com\/de\/","name":"Eczoil BV","description":"Natuurlijk, dat willen we allemaal wel!","potentialAction":[{"@type":"SearchAction","target":{"@type":"EntryPoint","urlTemplate":"https:\/\/www.eczoil.com\/de\/?s={search_term_string}"},"query-input":{"@type":"PropertyValueSpecification","valueRequired":true,"valueName":"search_term_string"}}],"inLanguage":"de"}]}},"_links":{"self":[{"href":"https:\/\/www.eczoil.com\/de\/wp-json\/wp\/v2\/product\/10237","targetHints":{"allow":["GET"]}}],"collection":[{"href":"https:\/\/www.eczoil.com\/de\/wp-json\/wp\/v2\/product"}],"about":[{"href":"https:\/\/www.eczoil.com\/de\/wp-json\/wp\/v2\/types\/product"}],"replies":[{"embeddable":true,"href":"https:\/\/www.eczoil.com\/de\/wp-json\/wp\/v2\/comments?post=10237"}],"wp:featuredmedia":[{"embeddable":true,"href":"https:\/\/www.eczoil.com\/de\/wp-json\/wp\/v2\/media\/929"}],"wp:attachment":[{"href":"https:\/\/www.eczoil.com\/de\/wp-json\/wp\/v2\/media?parent=10237"}],"wp:term":[{"taxonomy":"product_brand","embeddable":true,"href":"https:\/\/www.eczoil.com\/de\/wp-json\/wp\/v2\/product_brand?post=10237"},{"taxonomy":"product_cat","embeddable":true,"href":"https:\/\/www.eczoil.com\/de\/wp-json\/wp\/v2\/product_cat?post=10237"},{"taxonomy":"product_tag","embeddable":true,"href":"https:\/\/www.eczoil.com\/de\/wp-json\/wp\/v2\/product_tag?post=10237"}],"curies":[{"name":"wp","href":"https:\/\/api.w.org\/{rel}","templated":true}]}}