{"id":10242,"date":"2019-05-09T12:06:31","date_gmt":"2019-05-09T10:06:31","guid":{"rendered":"https:\/\/www.eczoil.com\/product\/stachelrochenoels-kapseln-30-stueck\/"},"modified":"2020-11-08T12:59:10","modified_gmt":"2020-11-08T11:59:10","slug":"stachelrochenols-kapseln-30-stuck","status":"publish","type":"product","link":"https:\/\/www.eczoil.com\/de\/producten\/stachelrochenols-kapseln-30-stuck\/","title":{"rendered":"Stachelrochen\u00f6ls Kapseln 30 St\u00fcck"},"content":{"rendered":"<p>Stachelrochen\u00f6l, in Kapseln 30 St\u00fcck pro Topf<\/p>\n<ul>\n<li>Lesen Sie dieses Handbuch sorgf\u00e4ltig durch, bevor Sie mit diesem Nahrungserg\u00e4nzungsmittel beginnen.<\/li>\n<li>Bewahren Sie dieses Handbuch auf. Es kann n\u00fctzlich sein<\/li>\n<li>Wenn Nebenwirkungen auftreten, informieren Sie bitte den Lieferanten<\/li>\n<\/ul>\n<h3>Was ist Stachelrochen\u00f6l und wozu wird es verwendet?<\/h3>\n<p>Stachelrochen\u00f6l ist das \u00d6l, das nach einem traditionellen Verfahren aus den Lebern einer speziellen Familie von Stachelrochen gereinigt wurde. Aufgrund der Konzentration von Omega-3-Fetts\u00e4uren (getestet von SGS und Alcontrol) k\u00f6nnen die folgenden gesundheitsbezogenen Angaben verwendet werden:<\/p>\n<ul>\n<li>DHA Aufrechterhaltung der normalen Gehirnfunktion (die vorteilhafte Wirkung wird bei einer t\u00e4glichen Einnahme von 250 mg DHA erzielt)<\/li>\n<li>EPA und DHA tragen zur normalen Funktion des Herzens bei (die vorteilhafte Wirkung wird bei einer t\u00e4glichen Einnahme von 250 mg EPA und DHA erzielt)<\/li>\n<li>DHA tr\u00e4gt zur Aufrechterhaltung des normalen Sehverm\u00f6gens bei (die vorteilhafte Wirkung wird bei einer t\u00e4glichen Einnahme von 250 mg DHA erzielt)<\/li>\n<\/ul>\n<h3>Was m\u00fcssen Sie noch wissen?<\/h3>\n<p>Die oben genannten gesundheitsbezogenen Angaben gelten bei Verwendung von ein oder zwei Weichgelkapseln pro Tag. Das Produkt besteht zu 100% aus Fisch\u00f6l und ist bei Raumtemperatur mindestens 3 Jahre haltbar.<\/p>\n<h3>Warnungen<\/h3>\n<p>Das Produkt muss von kleinen Kindern und Babys ferngehalten werden.<\/p>\n<p>Das Stachelrochen\u00f6l wirkt als Nahrungserg\u00e4nzungsmittel. Dies bedeutet, dass es eine Erg\u00e4nzung zu einer abwechslungsreichen und ausgewogenen Ern\u00e4hrung ist und kein Ersatz.<\/p>\n<p>&nbsp;<\/p>\n<h2>Ern\u00e4hrungstabelle Stingray\u00f6l<\/h2>\n<table class=\"table table-bordered table-sm\">\n<tbody>\n<tr>\n<th>Berechnung pro Kapsel<\/th>\n<td>100g<\/td>\n<td>1 g<\/td>\n<td>RDA<\/td>\n<\/tr>\n<tr class=\"table-dark\">\n<th><\/th>\n<td><\/td>\n<td><\/td>\n<td><\/td>\n<\/tr>\n<tr>\n<th>Gesamtfett<\/th>\n<td>100 g<\/td>\n<td>1 g<\/td>\n<td>70 g<\/td>\n<\/tr>\n<tr>\n<td><em>Ges\u00e4ttigt<\/em><\/td>\n<td>44,0 g<\/td>\n<td>440 mg<\/td>\n<td><\/td>\n<\/tr>\n<tr>\n<td><em>Einfach unges\u00e4ttigt<\/em><\/td>\n<td>22,2 g<\/td>\n<td>222 mg<\/td>\n<td><\/td>\n<\/tr>\n<tr>\n<td><em>Mehrfach unges\u00e4ttigt<\/em><\/td>\n<td>33,7 g<\/td>\n<td>337 mg<\/td>\n<td><\/td>\n<\/tr>\n<tr>\n<td><em>Omega-3-Fetts\u00e4uren<\/em><\/td>\n<td>26,7 g<\/td>\n<td>267 mg<\/td>\n<td>200 mg<\/td>\n<\/tr>\n<tr>\n<td><em>Davon DHA<\/em><\/td>\n<td>13,6 g<\/td>\n<td>136 mg<\/td>\n<td><\/td>\n<\/tr>\n<tr>\n<td><em>Davon EPA<\/em><\/td>\n<td>12,1 g<\/td>\n<td>121 mg<\/td>\n<td><\/td>\n<\/tr>\n<tr>\n<td><em>Davon ALA<\/em><\/td>\n<td>1 g<\/td>\n<td>10 mg<\/td>\n<td><\/td>\n<\/tr>\n<tr>\n<td><em>Omega-6-Fetts\u00e4uren<\/em><\/td>\n<td>5,7 g<\/td>\n<td>57 mg<\/td>\n<td><\/td>\n<\/tr>\n<tr>\n<th>Natrium<\/th>\n<td>1,7 g<\/td>\n<td>17 mg<\/td>\n<td>6 g<\/td>\n<\/tr>\n<tr>\n<th>Ballaststoffe<\/th>\n<td>&lt;1,7 g<\/td>\n<td>&lt;17 mg<\/td>\n<td><\/td>\n<\/tr>\n<tr>\n<th>Gesamte Kohlenhydrate<\/th>\n<td>1,5 g<\/td>\n<td>1,5 g<\/td>\n<td>260 g<\/td>\n<\/tr>\n<tr>\n<th>Zucker<\/th>\n<td><\/td>\n<td><\/td>\n<td>90 g<\/td>\n<\/tr>\n<tr>\n<td><em>Glucose<\/em><\/td>\n<td>&lt;0,2 g<\/td>\n<td>&lt;2 mg<\/td>\n<td><\/td>\n<\/tr>\n<tr>\n<td><em>Fructose<\/em><\/td>\n<td>&lt;0,2 g<\/td>\n<td>&lt;2 mg<\/td>\n<td><\/td>\n<\/tr>\n<tr>\n<td><em>Lactose<\/em><\/td>\n<td>&lt;0,2 g<\/td>\n<td>&lt;2 mg<\/td>\n<td><\/td>\n<\/tr>\n<tr>\n<td><em>Sucrose<\/em><\/td>\n<td>&lt;0,2 g<\/td>\n<td>&lt;2 mg<\/td>\n<td><\/td>\n<\/tr>\n<tr>\n<td><em>Maltose<\/em><\/td>\n<td>&lt;0,2 g<\/td>\n<td>&lt;2 mg<\/td>\n<td><\/td>\n<\/tr>\n<tr>\n<th>Protein<\/th>\n<td>0,7 g<\/td>\n<td>7 mg<\/td>\n<td>50 g<\/td>\n<\/tr>\n<tr>\n<th>Asche<\/th>\n<td>&lt;0,10 g<\/td>\n<td>&lt;1 mg<\/td>\n<td><\/td>\n<\/tr>\n<tr>\n<th>Fl\u00fcssigkeit<\/th>\n<td>&lt;0,10 g<\/td>\n<td>&lt;1 mg<\/td>\n<td><\/td>\n<\/tr>\n<tr>\n<th>Vitamin A (retinol)<\/th>\n<td>21,8 mg<\/td>\n<td>218 \u03bcg<\/td>\n<td>0,8 mg<\/td>\n<\/tr>\n<tr>\n<th>Vitamin D3 (cholecalciferol)<\/th>\n<td>5 \u03bcg<\/td>\n<td>0,05 \u03bcg<\/td>\n<td>5 \u03bcg<\/td>\n<\/tr>\n<tr>\n<th>Vitamin E (tocopherol)<\/th>\n<td>39,8 mg<\/td>\n<td>398 \u03bcg<\/td>\n<td>10 mg<\/td>\n<\/tr>\n<tr class=\"table-dark\">\n<th><\/th>\n<td><\/td>\n<td><\/td>\n<td><\/td>\n<\/tr>\n<tr>\n<th>Energie<\/th>\n<td>889 kCal<\/td>\n<td>8,89 kCal<\/td>\n<td>2500 kcal<\/td>\n<\/tr>\n<\/tbody>\n<\/table>\n","protected":false},"excerpt":{"rendered":"<p>Stachelrochen\u00f6l ist das \u00d6l, das nach einem traditionellen Verfahren aus den Lebern einer speziellen Familie von Stachelrochen gereinigt wurde. Aufgrund der Konzentration von Omega-3-Fetts\u00e4uren (getestet von SGS und Alcontrol) k\u00f6nnen die folgenden gesundheitsbezogenen Angaben verwendet werden:<\/p>\n<ul>\n<li>DHA Aufrechterhaltung der normalen Gehirnfunktion (die vorteilhafte Wirkung wird bei einer t\u00e4glichen Einnahme von 250 mg DHA erzielt)<\/li>\n<li>EPA und DHA tragen zur normalen Funktion des Herzens bei (die vorteilhafte Wirkung wird bei einer t\u00e4glichen Einnahme von 250 mg EPA und DHA erzielt)<\/li>\n<li>DHA tr\u00e4gt zur Aufrechterhaltung des normalen Sehverm\u00f6gens bei (die vorteilhafte Wirkung wird bei einer t\u00e4glichen Einnahme von 250 mg DHA erzielt).<\/li>\n<\/ul>\n","protected":false},"featured_media":941,"comment_status":"closed","ping_status":"closed","template":"","meta":[],"product_brand":[],"product_cat":[40],"product_tag":[],"class_list":{"0":"post-10242","1":"product","2":"type-product","3":"status-publish","4":"has-post-thumbnail","6":"product_cat-eczoil-de-2","8":"first","9":"instock","10":"taxable","11":"shipping-taxable","12":"purchasable","13":"product-type-simple"},"yoast_head":"<!-- This site is optimized with the Yoast SEO plugin v27.4 - https:\/\/yoast.com\/product\/yoast-seo-wordpress\/ -->\n<title>Stachelrochen\u00f6ls Kapseln 30 St\u00fcck - Eczoil BV<\/title>\n<meta name=\"robots\" content=\"index, follow, max-snippet:-1, max-image-preview:large, max-video-preview:-1\" \/>\n<link rel=\"canonical\" href=\"https:\/\/www.eczoil.com\/de\/producten\/stachelrochenols-kapseln-30-stuck\/\" \/>\n<meta property=\"og:locale\" content=\"de_DE\" \/>\n<meta property=\"og:type\" content=\"article\" \/>\n<meta property=\"og:title\" content=\"Stachelrochen\u00f6ls Kapseln 30 St\u00fcck - Eczoil BV\" \/>\n<meta property=\"og:description\" content=\"Stachelrochen\u00f6l ist das \u00d6l, das nach einem traditionellen Verfahren aus den Lebern einer speziellen Familie von Stachelrochen gereinigt wurde. Aufgrund der Konzentration von Omega-3-Fetts\u00e4uren (getestet von SGS und Alcontrol) k\u00f6nnen die folgenden gesundheitsbezogenen Angaben verwendet werden:   DHA Aufrechterhaltung der normalen Gehirnfunktion (die vorteilhafte Wirkung wird bei einer t\u00e4glichen Einnahme von 250 mg DHA erzielt)  EPA und DHA tragen zur normalen Funktion des Herzens bei (die vorteilhafte Wirkung wird bei einer t\u00e4glichen Einnahme von 250 mg EPA und DHA erzielt)  DHA tr\u00e4gt zur Aufrechterhaltung des normalen Sehverm\u00f6gens bei (die vorteilhafte Wirkung wird bei einer t\u00e4glichen Einnahme von 250 mg DHA erzielt).\" \/>\n<meta property=\"og:url\" content=\"https:\/\/www.eczoil.com\/de\/producten\/stachelrochenols-kapseln-30-stuck\/\" \/>\n<meta property=\"og:site_name\" content=\"Eczoil BV\" \/>\n<meta property=\"article:modified_time\" content=\"2020-11-08T11:59:10+00:00\" \/>\n<meta property=\"og:image\" content=\"https:\/\/www.eczoil.com\/wp-content\/uploads\/Eczoil-Pijlstaartrog-Olie-Capsules.jpg\" \/>\n\t<meta property=\"og:image:width\" content=\"400\" \/>\n\t<meta property=\"og:image:height\" content=\"400\" \/>\n\t<meta property=\"og:image:type\" content=\"image\/jpeg\" \/>\n<meta name=\"twitter:card\" content=\"summary_large_image\" \/>\n<meta name=\"twitter:label1\" content=\"Gesch\u00e4tzte Lesezeit\" \/>\n\t<meta name=\"twitter:data1\" content=\"2\u00a0Minuten\" \/>\n<script type=\"application\/ld+json\" class=\"yoast-schema-graph\">{\"@context\":\"https:\\\/\\\/schema.org\",\"@graph\":[{\"@type\":\"WebPage\",\"@id\":\"https:\\\/\\\/www.eczoil.com\\\/de\\\/producten\\\/stachelrochenols-kapseln-30-stuck\\\/\",\"url\":\"https:\\\/\\\/www.eczoil.com\\\/de\\\/producten\\\/stachelrochenols-kapseln-30-stuck\\\/\",\"name\":\"Stachelrochen\u00f6ls Kapseln 30 St\u00fcck - Eczoil BV\",\"isPartOf\":{\"@id\":\"https:\\\/\\\/www.eczoil.com\\\/de\\\/#website\"},\"primaryImageOfPage\":{\"@id\":\"https:\\\/\\\/www.eczoil.com\\\/de\\\/producten\\\/stachelrochenols-kapseln-30-stuck\\\/#primaryimage\"},\"image\":{\"@id\":\"https:\\\/\\\/www.eczoil.com\\\/de\\\/producten\\\/stachelrochenols-kapseln-30-stuck\\\/#primaryimage\"},\"thumbnailUrl\":\"https:\\\/\\\/www.eczoil.com\\\/wp-content\\\/uploads\\\/Eczoil-Pijlstaartrog-Olie-Capsules.jpg\",\"datePublished\":\"2019-05-09T10:06:31+00:00\",\"dateModified\":\"2020-11-08T11:59:10+00:00\",\"breadcrumb\":{\"@id\":\"https:\\\/\\\/www.eczoil.com\\\/de\\\/producten\\\/stachelrochenols-kapseln-30-stuck\\\/#breadcrumb\"},\"inLanguage\":\"de\",\"potentialAction\":[{\"@type\":\"ReadAction\",\"target\":[\"https:\\\/\\\/www.eczoil.com\\\/de\\\/producten\\\/stachelrochenols-kapseln-30-stuck\\\/\"]}]},{\"@type\":\"ImageObject\",\"inLanguage\":\"de\",\"@id\":\"https:\\\/\\\/www.eczoil.com\\\/de\\\/producten\\\/stachelrochenols-kapseln-30-stuck\\\/#primaryimage\",\"url\":\"https:\\\/\\\/www.eczoil.com\\\/wp-content\\\/uploads\\\/Eczoil-Pijlstaartrog-Olie-Capsules.jpg\",\"contentUrl\":\"https:\\\/\\\/www.eczoil.com\\\/wp-content\\\/uploads\\\/Eczoil-Pijlstaartrog-Olie-Capsules.jpg\",\"width\":400,\"height\":400},{\"@type\":\"BreadcrumbList\",\"@id\":\"https:\\\/\\\/www.eczoil.com\\\/de\\\/producten\\\/stachelrochenols-kapseln-30-stuck\\\/#breadcrumb\",\"itemListElement\":[{\"@type\":\"ListItem\",\"position\":1,\"name\":\"Home\",\"item\":\"https:\\\/\\\/www.eczoil.com\\\/de\\\/\"},{\"@type\":\"ListItem\",\"position\":2,\"name\":\"Produkte\",\"item\":\"https:\\\/\\\/www.eczoil.com\\\/de\\\/produkte\\\/\"},{\"@type\":\"ListItem\",\"position\":3,\"name\":\"Stachelrochen\u00f6ls Kapseln 30 St\u00fcck\"}]},{\"@type\":\"WebSite\",\"@id\":\"https:\\\/\\\/www.eczoil.com\\\/de\\\/#website\",\"url\":\"https:\\\/\\\/www.eczoil.com\\\/de\\\/\",\"name\":\"Eczoil BV\",\"description\":\"Natuurlijk, dat willen we allemaal wel!\",\"potentialAction\":[{\"@type\":\"SearchAction\",\"target\":{\"@type\":\"EntryPoint\",\"urlTemplate\":\"https:\\\/\\\/www.eczoil.com\\\/de\\\/?s={search_term_string}\"},\"query-input\":{\"@type\":\"PropertyValueSpecification\",\"valueRequired\":true,\"valueName\":\"search_term_string\"}}],\"inLanguage\":\"de\"}]}<\/script>\n<!-- \/ Yoast SEO plugin. -->","yoast_head_json":{"title":"Stachelrochen\u00f6ls Kapseln 30 St\u00fcck - Eczoil BV","robots":{"index":"index","follow":"follow","max-snippet":"max-snippet:-1","max-image-preview":"max-image-preview:large","max-video-preview":"max-video-preview:-1"},"canonical":"https:\/\/www.eczoil.com\/de\/producten\/stachelrochenols-kapseln-30-stuck\/","og_locale":"de_DE","og_type":"article","og_title":"Stachelrochen\u00f6ls Kapseln 30 St\u00fcck - Eczoil BV","og_description":"Stachelrochen\u00f6l ist das \u00d6l, das nach einem traditionellen Verfahren aus den Lebern einer speziellen Familie von Stachelrochen gereinigt wurde. Aufgrund der Konzentration von Omega-3-Fetts\u00e4uren (getestet von SGS und Alcontrol) k\u00f6nnen die folgenden gesundheitsbezogenen Angaben verwendet werden:   DHA Aufrechterhaltung der normalen Gehirnfunktion (die vorteilhafte Wirkung wird bei einer t\u00e4glichen Einnahme von 250 mg DHA erzielt)  EPA und DHA tragen zur normalen Funktion des Herzens bei (die vorteilhafte Wirkung wird bei einer t\u00e4glichen Einnahme von 250 mg EPA und DHA erzielt)  DHA tr\u00e4gt zur Aufrechterhaltung des normalen Sehverm\u00f6gens bei (die vorteilhafte Wirkung wird bei einer t\u00e4glichen Einnahme von 250 mg DHA erzielt).","og_url":"https:\/\/www.eczoil.com\/de\/producten\/stachelrochenols-kapseln-30-stuck\/","og_site_name":"Eczoil BV","article_modified_time":"2020-11-08T11:59:10+00:00","og_image":[{"width":400,"height":400,"url":"https:\/\/www.eczoil.com\/wp-content\/uploads\/Eczoil-Pijlstaartrog-Olie-Capsules.jpg","type":"image\/jpeg"}],"twitter_card":"summary_large_image","twitter_misc":{"Gesch\u00e4tzte Lesezeit":"2\u00a0Minuten"},"schema":{"@context":"https:\/\/schema.org","@graph":[{"@type":"WebPage","@id":"https:\/\/www.eczoil.com\/de\/producten\/stachelrochenols-kapseln-30-stuck\/","url":"https:\/\/www.eczoil.com\/de\/producten\/stachelrochenols-kapseln-30-stuck\/","name":"Stachelrochen\u00f6ls Kapseln 30 St\u00fcck - Eczoil BV","isPartOf":{"@id":"https:\/\/www.eczoil.com\/de\/#website"},"primaryImageOfPage":{"@id":"https:\/\/www.eczoil.com\/de\/producten\/stachelrochenols-kapseln-30-stuck\/#primaryimage"},"image":{"@id":"https:\/\/www.eczoil.com\/de\/producten\/stachelrochenols-kapseln-30-stuck\/#primaryimage"},"thumbnailUrl":"https:\/\/www.eczoil.com\/wp-content\/uploads\/Eczoil-Pijlstaartrog-Olie-Capsules.jpg","datePublished":"2019-05-09T10:06:31+00:00","dateModified":"2020-11-08T11:59:10+00:00","breadcrumb":{"@id":"https:\/\/www.eczoil.com\/de\/producten\/stachelrochenols-kapseln-30-stuck\/#breadcrumb"},"inLanguage":"de","potentialAction":[{"@type":"ReadAction","target":["https:\/\/www.eczoil.com\/de\/producten\/stachelrochenols-kapseln-30-stuck\/"]}]},{"@type":"ImageObject","inLanguage":"de","@id":"https:\/\/www.eczoil.com\/de\/producten\/stachelrochenols-kapseln-30-stuck\/#primaryimage","url":"https:\/\/www.eczoil.com\/wp-content\/uploads\/Eczoil-Pijlstaartrog-Olie-Capsules.jpg","contentUrl":"https:\/\/www.eczoil.com\/wp-content\/uploads\/Eczoil-Pijlstaartrog-Olie-Capsules.jpg","width":400,"height":400},{"@type":"BreadcrumbList","@id":"https:\/\/www.eczoil.com\/de\/producten\/stachelrochenols-kapseln-30-stuck\/#breadcrumb","itemListElement":[{"@type":"ListItem","position":1,"name":"Home","item":"https:\/\/www.eczoil.com\/de\/"},{"@type":"ListItem","position":2,"name":"Produkte","item":"https:\/\/www.eczoil.com\/de\/produkte\/"},{"@type":"ListItem","position":3,"name":"Stachelrochen\u00f6ls Kapseln 30 St\u00fcck"}]},{"@type":"WebSite","@id":"https:\/\/www.eczoil.com\/de\/#website","url":"https:\/\/www.eczoil.com\/de\/","name":"Eczoil BV","description":"Natuurlijk, dat willen we allemaal wel!","potentialAction":[{"@type":"SearchAction","target":{"@type":"EntryPoint","urlTemplate":"https:\/\/www.eczoil.com\/de\/?s={search_term_string}"},"query-input":{"@type":"PropertyValueSpecification","valueRequired":true,"valueName":"search_term_string"}}],"inLanguage":"de"}]}},"_links":{"self":[{"href":"https:\/\/www.eczoil.com\/de\/wp-json\/wp\/v2\/product\/10242","targetHints":{"allow":["GET"]}}],"collection":[{"href":"https:\/\/www.eczoil.com\/de\/wp-json\/wp\/v2\/product"}],"about":[{"href":"https:\/\/www.eczoil.com\/de\/wp-json\/wp\/v2\/types\/product"}],"replies":[{"embeddable":true,"href":"https:\/\/www.eczoil.com\/de\/wp-json\/wp\/v2\/comments?post=10242"}],"wp:featuredmedia":[{"embeddable":true,"href":"https:\/\/www.eczoil.com\/de\/wp-json\/wp\/v2\/media\/941"}],"wp:attachment":[{"href":"https:\/\/www.eczoil.com\/de\/wp-json\/wp\/v2\/media?parent=10242"}],"wp:term":[{"taxonomy":"product_brand","embeddable":true,"href":"https:\/\/www.eczoil.com\/de\/wp-json\/wp\/v2\/product_brand?post=10242"},{"taxonomy":"product_cat","embeddable":true,"href":"https:\/\/www.eczoil.com\/de\/wp-json\/wp\/v2\/product_cat?post=10242"},{"taxonomy":"product_tag","embeddable":true,"href":"https:\/\/www.eczoil.com\/de\/wp-json\/wp\/v2\/product_tag?post=10242"}],"curies":[{"name":"wp","href":"https:\/\/api.w.org\/{rel}","templated":true}]}}